{"id":3580,"date":"2026-04-01T07:51:33","date_gmt":"2026-04-01T07:51:33","guid":{"rendered":"https:\/\/jepp-teamsport.de\/?post_type=product&#038;p=3580"},"modified":"2026-04-01T07:58:14","modified_gmt":"2026-04-01T07:58:14","slug":"joma-stutzen-tube-leg-ii-blau","status":"publish","type":"product","link":"https:\/\/jepp-teamsport.de\/?product=joma-stutzen-tube-leg-ii-blau","title":{"rendered":"Joma Stutzen Tube Leg II blau"},"content":{"rendered":"<ul class=\"double-column\">\n<li>Kompressionskleidungsst\u00fcck<\/li>\n<li>90% Polyamid, 10% Elastan<\/li>\n<li>Gr\u00f6\u00dfe 39-42<\/li>\n<\/ul>\n","protected":false},"excerpt":{"rendered":"<p>Stutzen ohne Fu\u00df aus elastischem und atmungsaktivem Stoff hergestellt. Rippenverst\u00e4rkung im oberen, unterem und Kn\u00f6chelbereich f\u00fcr eine maximale Passform.<\/p>\n","protected":false},"featured_media":3581,"template":"","meta":[],"product_brand":[],"product_cat":[75,72],"product_tag":[],"class_list":{"0":"post-3580","1":"product","2":"type-product","3":"status-publish","4":"has-post-thumbnail","6":"product_cat-fsv-bw-mahlsdorf-waldesruh-clubkollektion","7":"product_cat-msv-19-ruedersdorf-clubkollektion","9":"first","10":"instock","11":"sale","12":"taxable","13":"shipping-taxable","14":"purchasable","15":"product-type-simple"},"_links":{"self":[{"href":"https:\/\/jepp-teamsport.de\/index.php?rest_route=\/wp\/v2\/product\/3580","targetHints":{"allow":["GET"]}}],"collection":[{"href":"https:\/\/jepp-teamsport.de\/index.php?rest_route=\/wp\/v2\/product"}],"about":[{"href":"https:\/\/jepp-teamsport.de\/index.php?rest_route=\/wp\/v2\/types\/product"}],"wp:featuredmedia":[{"embeddable":true,"href":"https:\/\/jepp-teamsport.de\/index.php?rest_route=\/wp\/v2\/media\/3581"}],"wp:attachment":[{"href":"https:\/\/jepp-teamsport.de\/index.php?rest_route=%2Fwp%2Fv2%2Fmedia&parent=3580"}],"wp:term":[{"taxonomy":"product_brand","embeddable":true,"href":"https:\/\/jepp-teamsport.de\/index.php?rest_route=%2Fwp%2Fv2%2Fproduct_brand&post=3580"},{"taxonomy":"product_cat","embeddable":true,"href":"https:\/\/jepp-teamsport.de\/index.php?rest_route=%2Fwp%2Fv2%2Fproduct_cat&post=3580"},{"taxonomy":"product_tag","embeddable":true,"href":"https:\/\/jepp-teamsport.de\/index.php?rest_route=%2Fwp%2Fv2%2Fproduct_tag&post=3580"}],"curies":[{"name":"wp","href":"https:\/\/api.w.org\/{rel}","templated":true}]}}