{"id":3407,"date":"2026-02-22T15:32:59","date_gmt":"2026-02-22T15:32:59","guid":{"rendered":"https:\/\/jepp-teamsport.de\/?post_type=product&#038;p=3407"},"modified":"2026-03-01T09:04:44","modified_gmt":"2026-03-01T09:04:44","slug":"joma-trainingsanzug-championship-viii-bw-mahlsdorf-waldesruh","status":"publish","type":"product","link":"https:\/\/jepp-teamsport.de\/?product=joma-trainingsanzug-championship-viii-bw-mahlsdorf-waldesruh","title":{"rendered":"Joma Trainingsanzug Championship VIII BW Mahlsdorf\/Waldesruh"},"content":{"rendered":"<ul class=\"features list\">\n<li>Gerippte B\u00fcndchen und Saum<\/li>\n<li>Elastischer Bund mit innerem Kordelzug<\/li>\n<li>Hoher Kragen<\/li>\n<li>Jacke mit Rei\u00dfverschlusstaschen<\/li>\n<li>Hose mit Rei\u00dfverschlusstaschen<\/li>\n<li>Atmungsaktiver Stoff<\/li>\n<li>Sublimiertes Design<\/li>\n<li>Passformtyp: regular<\/li>\n<li>100% Polyester<\/li>\n<\/ul>\n","protected":false},"excerpt":{"rendered":"<p>Trainingsanzug f\u00fcr Herren, bestehend aus einem Sweatshirt mit Rei\u00dfverschluss und einer langen Hose. Dieses Modell wurde entwickelt, um Ihnen eine perfekte Kombination aus Komfort, Stil und Funktionalit\u00e4t bei jeder sportlichen Aktivit\u00e4t zu bieten.<\/p>\n<p>Das Sweatshirt verf\u00fcgt \u00fcber Rippb\u00fcndchen an den \u00c4rmeln und am Saum, was f\u00fcr eine bequeme und sichere Passform sorgt. Rei\u00dfverschlusstaschen bieten Platz, um Ihre Sachen w\u00e4hrend des Trainings sicher zu verstauen. Der durchgehende Rei\u00dfverschluss mit Kinnschutz sorgt f\u00fcr zus\u00e4tzlichen Komfort und verhindert Reibung. Das sublimierte Design an den \u00c4rmeln verleiht dem Sweatshirt einen modernen, markanten Touch.<\/p>\n<p>Die lange Hose ist mit einem Doppelverstellsystem ausgestattet, das einen elastischen Bund und Kordelzug umfasst, um eine individuelle und sichere Passform zu gew\u00e4hrleisten. Rei\u00dfverschlusstaschen an der Hose bieten zus\u00e4tzlichen Stauraum f\u00fcr Ihre pers\u00f6nlichen Gegenst\u00e4nde.<\/p>\n<p>Hergestellt aus hochwertigem, leichtem, atmungsaktivem und strapazierf\u00e4higem Stoff, bietet dieses Set maximalen Komfort w\u00e4hrend intensiver Trainingseinheiten, L\u00e4ufen oder allt\u00e4glicher Aktivit\u00e4ten und sorgt gleichzeitig f\u00fcr uneingeschr\u00e4nkte Bewegungsfreiheit.<\/p>\n<p>Mit besticktem Joma-Logo. Inklusive Vereinslogo und Vereinsnamen.<\/p>\n<p>Bitte auf Verf\u00fcgbarkeit pr\u00fcfen und anschlie\u00dfend hier bestellen.<\/p>\n<p><a href=\"https:\/\/www.joma-sport.com\/de_DE\/trainingsanzug-mann-championship-viii-k%C3%B6nigsblau-dunkelblau\/104201.703.html\">Trainingsanzug mann Championship VIII k\u00f6nigsblau dunkelblau | JOMA\u00ae<\/a><\/p>\n<p>Keine Lagerhaltung. Joma Bestellungen werden gesammelt und sp\u00e4testens am letzten des Monats bestellt (vorausgesetzt ist Lieferbarkeit), danach wird eine Versand- und Bearbeitungszeit von ca. 14 Tage veranschlagt.<\/p>\n<p>Umtausch oder R\u00fcckgabe von bedruckten Artikeln ist ausgeschlossen.<\/p>\n","protected":false},"featured_media":3458,"template":"","meta":[],"product_brand":[],"product_cat":[75],"product_tag":[],"class_list":{"0":"post-3407","1":"product","2":"type-product","3":"status-publish","4":"has-post-thumbnail","6":"product_cat-fsv-bw-mahlsdorf-waldesruh-clubkollektion","8":"first","9":"instock","10":"taxable","11":"shipping-taxable","12":"purchasable","13":"product-type-variable"},"_links":{"self":[{"href":"https:\/\/jepp-teamsport.de\/index.php?rest_route=\/wp\/v2\/product\/3407","targetHints":{"allow":["GET"]}}],"collection":[{"href":"https:\/\/jepp-teamsport.de\/index.php?rest_route=\/wp\/v2\/product"}],"about":[{"href":"https:\/\/jepp-teamsport.de\/index.php?rest_route=\/wp\/v2\/types\/product"}],"wp:featuredmedia":[{"embeddable":true,"href":"https:\/\/jepp-teamsport.de\/index.php?rest_route=\/wp\/v2\/media\/3458"}],"wp:attachment":[{"href":"https:\/\/jepp-teamsport.de\/index.php?rest_route=%2Fwp%2Fv2%2Fmedia&parent=3407"}],"wp:term":[{"taxonomy":"product_brand","embeddable":true,"href":"https:\/\/jepp-teamsport.de\/index.php?rest_route=%2Fwp%2Fv2%2Fproduct_brand&post=3407"},{"taxonomy":"product_cat","embeddable":true,"href":"https:\/\/jepp-teamsport.de\/index.php?rest_route=%2Fwp%2Fv2%2Fproduct_cat&post=3407"},{"taxonomy":"product_tag","embeddable":true,"href":"https:\/\/jepp-teamsport.de\/index.php?rest_route=%2Fwp%2Fv2%2Fproduct_tag&post=3407"}],"curies":[{"name":"wp","href":"https:\/\/api.w.org\/{rel}","templated":true}]}}