{"id":3332,"date":"2026-02-22T12:46:12","date_gmt":"2026-02-22T12:46:12","guid":{"rendered":"https:\/\/jepp-teamsport.de\/?post_type=product&#038;p=3332"},"modified":"2026-02-22T13:06:04","modified_gmt":"2026-02-22T13:06:04","slug":"joma-unterzieher-kurz-thermo-bw-mahlsdorf-waldesruh","status":"publish","type":"product","link":"https:\/\/jepp-teamsport.de\/?product=joma-unterzieher-kurz-thermo-bw-mahlsdorf-waldesruh","title":{"rendered":"Joma Unterzieher kurz Thermo BW Mahlsdorf\/Waldesruh"},"content":{"rendered":"<div class=\"col-12 col-lg-4 p-0\">\n<h2>Merkmale<\/h2>\n<ul class=\"features list\">\n<li>Elastischer Bund<\/li>\n<li>Elastischer Stoff<\/li>\n<li>Flache Flatlock-N\u00e4hte<\/li>\n<li>Bewegungsfreiheit<\/li>\n<li>Passformtyp: fitted<\/li>\n<li>90% Polyamid, 10% Elastan<\/li>\n<\/ul>\n<\/div>\n<div class=\"col-12 col-lg-4\">\n<h2>Pflege<\/h2>\n<ul class=\"features\">\n<li id=\"maquina_max30\">Maschinenwaschbar bei maximal 30 Grad<\/li>\n<li id=\"no_lejia\">Kein Bleichmittel verwenden<\/li>\n<li id=\"no_secadora\">Nicht im W\u00e4schetrockner trocknen<\/li>\n<li id=\"plancha_max110\">Bei maximal 110 Grad b\u00fcgeln<\/li>\n<li id=\"no_limpiar_seco\">Nicht trocken waschen<\/li>\n<\/ul>\n<\/div>\n","protected":false},"excerpt":{"rendered":"<p>Aufgerauter W\u00e4rmer mit Gummi an der Taille. Mit Flachn\u00e4hten an Flanken und Zwickel, um Scheuerstellen zu ermeiden.<\/p>\n<p>Bitte auf Verf\u00fcgbarkeit pr\u00fcfen und anschlie\u00dfend hier bestellen.<\/p>\n<p><a href=\"https:\/\/www.joma-sport.com\/de_DE\/leggings-kurz-mann-warm-k%C3%B6nigsblau\/932.113.html\">Leggings kurz mann Warm k\u00f6nigsblau | JOMA\u00ae<\/a><\/p>\n<p>Keine Lagerhaltung. Joma Bestellungen werden gesammelt und sp\u00e4testens am letzten des Monats bestellt (vorausgesetzt ist Lieferbarkeit), danach wird eine Versand- und Bearbeitungszeit von ca. 14 Tage veranschlagt.<\/p>\n<p>Umtausch oder R\u00fcckgabe von bedruckten Artikeln ist ausgeschlossen.<\/p>\n","protected":false},"featured_media":3351,"template":"","meta":[],"product_brand":[],"product_cat":[75],"product_tag":[],"class_list":{"0":"post-3332","1":"product","2":"type-product","3":"status-publish","4":"has-post-thumbnail","6":"product_cat-fsv-bw-mahlsdorf-waldesruh-clubkollektion","8":"first","9":"instock","10":"taxable","11":"shipping-taxable","12":"purchasable","13":"product-type-variable"},"_links":{"self":[{"href":"https:\/\/jepp-teamsport.de\/index.php?rest_route=\/wp\/v2\/product\/3332","targetHints":{"allow":["GET"]}}],"collection":[{"href":"https:\/\/jepp-teamsport.de\/index.php?rest_route=\/wp\/v2\/product"}],"about":[{"href":"https:\/\/jepp-teamsport.de\/index.php?rest_route=\/wp\/v2\/types\/product"}],"wp:featuredmedia":[{"embeddable":true,"href":"https:\/\/jepp-teamsport.de\/index.php?rest_route=\/wp\/v2\/media\/3351"}],"wp:attachment":[{"href":"https:\/\/jepp-teamsport.de\/index.php?rest_route=%2Fwp%2Fv2%2Fmedia&parent=3332"}],"wp:term":[{"taxonomy":"product_brand","embeddable":true,"href":"https:\/\/jepp-teamsport.de\/index.php?rest_route=%2Fwp%2Fv2%2Fproduct_brand&post=3332"},{"taxonomy":"product_cat","embeddable":true,"href":"https:\/\/jepp-teamsport.de\/index.php?rest_route=%2Fwp%2Fv2%2Fproduct_cat&post=3332"},{"taxonomy":"product_tag","embeddable":true,"href":"https:\/\/jepp-teamsport.de\/index.php?rest_route=%2Fwp%2Fv2%2Fproduct_tag&post=3332"}],"curies":[{"name":"wp","href":"https:\/\/api.w.org\/{rel}","templated":true}]}}