{"id":3302,"date":"2026-02-05T10:52:36","date_gmt":"2026-02-05T10:52:36","guid":{"rendered":"https:\/\/jepp-teamsport.de\/?post_type=product&#038;p=3302"},"modified":"2026-04-01T07:50:57","modified_gmt":"2026-04-01T07:50:57","slug":"joma-stutzen-tube-leg-ii-marine","status":"publish","type":"product","link":"https:\/\/jepp-teamsport.de\/?product=joma-stutzen-tube-leg-ii-marine","title":{"rendered":"Joma Stutzen Tube Leg II marine"},"content":{"rendered":"<ul class=\"double-column\">\n<li>Kompressionskleidungsst\u00fcck<\/li>\n<li>90% Polyamid, 10% Elastan<\/li>\n<li>Gr\u00f6\u00dfe 39-42<\/li>\n<\/ul>\n","protected":false},"excerpt":{"rendered":"<p>Stutzen ohne Fu\u00df aus elastischem und atmungsaktivem Stoff hergestellt. Rippenverst\u00e4rkung im oberen, unterem und Kn\u00f6chelbereich f\u00fcr eine maximale Passform.<\/p>\n","protected":false},"featured_media":3303,"template":"","meta":[],"product_brand":[],"product_cat":[71,75,72],"product_tag":[],"class_list":{"0":"post-3302","1":"product","2":"type-product","3":"status-publish","4":"has-post-thumbnail","6":"product_cat-bsc-marzahn-clubkollektion","7":"product_cat-fsv-bw-mahlsdorf-waldesruh-clubkollektion","8":"product_cat-msv-19-ruedersdorf-clubkollektion","10":"first","11":"instock","12":"sale","13":"taxable","14":"shipping-taxable","15":"purchasable","16":"product-type-variable"},"_links":{"self":[{"href":"https:\/\/jepp-teamsport.de\/index.php?rest_route=\/wp\/v2\/product\/3302","targetHints":{"allow":["GET"]}}],"collection":[{"href":"https:\/\/jepp-teamsport.de\/index.php?rest_route=\/wp\/v2\/product"}],"about":[{"href":"https:\/\/jepp-teamsport.de\/index.php?rest_route=\/wp\/v2\/types\/product"}],"wp:featuredmedia":[{"embeddable":true,"href":"https:\/\/jepp-teamsport.de\/index.php?rest_route=\/wp\/v2\/media\/3303"}],"wp:attachment":[{"href":"https:\/\/jepp-teamsport.de\/index.php?rest_route=%2Fwp%2Fv2%2Fmedia&parent=3302"}],"wp:term":[{"taxonomy":"product_brand","embeddable":true,"href":"https:\/\/jepp-teamsport.de\/index.php?rest_route=%2Fwp%2Fv2%2Fproduct_brand&post=3302"},{"taxonomy":"product_cat","embeddable":true,"href":"https:\/\/jepp-teamsport.de\/index.php?rest_route=%2Fwp%2Fv2%2Fproduct_cat&post=3302"},{"taxonomy":"product_tag","embeddable":true,"href":"https:\/\/jepp-teamsport.de\/index.php?rest_route=%2Fwp%2Fv2%2Fproduct_tag&post=3302"}],"curies":[{"name":"wp","href":"https:\/\/api.w.org\/{rel}","templated":true}]}}