{"id":2427,"date":"2025-12-03T13:32:22","date_gmt":"2025-12-03T13:32:22","guid":{"rendered":"https:\/\/jepp-teamsport.de\/?post_type=product&#038;p=2427"},"modified":"2026-01-29T16:12:36","modified_gmt":"2026-01-29T16:12:36","slug":"joma-rucksack-diamond-ii-bw-mahlsdorf-waldesruh-royal","status":"publish","type":"product","link":"https:\/\/jepp-teamsport.de\/?product=joma-rucksack-diamond-ii-bw-mahlsdorf-waldesruh-royal","title":{"rendered":"Joma Rucksack Diamond II BW Mahlsdorf\/Waldesruh"},"content":{"rendered":"<ul class=\"featuresul\">\n<li>\n<h3>Robuster Stoff<\/h3>\n<\/li>\n<li>\n<h3>Balltasche<\/h3>\n<\/li>\n<li>\n<h3>Vordertaschen<\/h3>\n<\/li>\n<li>\n<h3>Gepolsterter R\u00fccken<\/h3>\n<\/li>\n<li>\n<h3>Kapazit\u00e4t 44,2 L<\/h3>\n<\/li>\n<li>\n<h3>Abmessungen: H\u00f6he 47 cm x Breite 32 cm x Tiefe 32 cm<\/h3>\n<\/li>\n<li>\n<h3>Verstellbare gepolsterte Gurte<\/h3>\n<\/li>\n<li>\n<h3>100% Polyester<\/h3>\n<\/li>\n<\/ul>\n","protected":false},"excerpt":{"rendered":"<div id=\"description\" class=\"attbox menu-description-title title current\">\n<div class=\"collapseText\">\n<div id=\"description\" class=\"attbox menu-description-title title current\">\n<div class=\"collapseText\">\n<p>Rucksack mit Verst\u00e4rkung im R\u00fccken. Fach f\u00fcr Ball an der Vorderseite. Logo im Siebdruck. Kapazit\u00e4t in Liter: 44.2. Inklusive Vereinslogo.<\/p>\n<\/div>\n<\/div>\n<\/div>\n<\/div>\n<p>Bitte auf Verf\u00fcgbarkeit pr\u00fcfen und anschlie\u00dfend hier bestellen.<\/p>\n<p><a href=\"https:\/\/www.joma-sport.com\/de_DE\/rucksack---shoe-bag-diamond-ii-k%C3%B6nigsblau\/400235.700.html\">Rucksack &#8211; shoe bag Diamond II k\u00f6nigsblau | JOMA\u00ae<\/a><\/p>\n<p>Keine Lagerhaltung. Joma Bestellungen werden gesammelt und sp\u00e4testens am letzten des Monats bestellt (vorausgesetzt ist Lieferbarkeit), danach wird eine Versand- und Bearbeitungszeit von ca. 14 Tage veranschlagt.<\/p>\n<p>Umtausch oder R\u00fcckgabe von bedruckten Artikeln ist ausgeschlossen.<\/p>\n","protected":false},"featured_media":2428,"template":"","meta":[],"product_brand":[],"product_cat":[75],"product_tag":[],"class_list":{"0":"post-2427","1":"product","2":"type-product","3":"status-publish","4":"has-post-thumbnail","6":"product_cat-fsv-bw-mahlsdorf-waldesruh-clubkollektion","8":"first","9":"instock","10":"taxable","11":"shipping-taxable","12":"purchasable","13":"product-type-variable"},"_links":{"self":[{"href":"https:\/\/jepp-teamsport.de\/index.php?rest_route=\/wp\/v2\/product\/2427","targetHints":{"allow":["GET"]}}],"collection":[{"href":"https:\/\/jepp-teamsport.de\/index.php?rest_route=\/wp\/v2\/product"}],"about":[{"href":"https:\/\/jepp-teamsport.de\/index.php?rest_route=\/wp\/v2\/types\/product"}],"wp:featuredmedia":[{"embeddable":true,"href":"https:\/\/jepp-teamsport.de\/index.php?rest_route=\/wp\/v2\/media\/2428"}],"wp:attachment":[{"href":"https:\/\/jepp-teamsport.de\/index.php?rest_route=%2Fwp%2Fv2%2Fmedia&parent=2427"}],"wp:term":[{"taxonomy":"product_brand","embeddable":true,"href":"https:\/\/jepp-teamsport.de\/index.php?rest_route=%2Fwp%2Fv2%2Fproduct_brand&post=2427"},{"taxonomy":"product_cat","embeddable":true,"href":"https:\/\/jepp-teamsport.de\/index.php?rest_route=%2Fwp%2Fv2%2Fproduct_cat&post=2427"},{"taxonomy":"product_tag","embeddable":true,"href":"https:\/\/jepp-teamsport.de\/index.php?rest_route=%2Fwp%2Fv2%2Fproduct_tag&post=2427"}],"curies":[{"name":"wp","href":"https:\/\/api.w.org\/{rel}","templated":true}]}}