{"id":2397,"date":"2025-12-03T12:57:34","date_gmt":"2025-12-03T12:57:34","guid":{"rendered":"https:\/\/jepp-teamsport.de\/?post_type=product&#038;p=2397"},"modified":"2026-01-29T16:14:08","modified_gmt":"2026-01-29T16:14:08","slug":"joma-regenjacke-iris-bw-mahlsdorf-waldesruh-royal","status":"publish","type":"product","link":"https:\/\/jepp-teamsport.de\/?product=joma-regenjacke-iris-bw-mahlsdorf-waldesruh-royal","title":{"rendered":"Joma Regenjacke Iris BW Mahlsdorf\/Waldesruh"},"content":{"rendered":"<ul class=\"featuresul\">\n<li>\n<h3>Elastische Manschetten<\/h3>\n<\/li>\n<li>\n<h3>Selbstverstauende Kapuze<\/h3>\n<\/li>\n<li>\n<h3>Seitentaschen<\/h3>\n<\/li>\n<li>\n<h3>Leichter und wasserabweisender Stoff<\/h3>\n<\/li>\n<li>\n<h3>Vermindert schlechte Ger\u00fcche<\/h3>\n<\/li>\n<li>\n<h3>Inneres Mesh-Gewebe zur Optimierung der Atmungsaktivit\u00e4t<\/h3>\n<\/li>\n<li>\n<h3>Windbreaker<\/h3>\n<\/li>\n<li>\n<h3>Wasserdicht<\/h3>\n<\/li>\n<li>\n<h3>Passformtyp: regular<\/h3>\n<\/li>\n<li>\n<h3>100% Polyester<\/h3>\n<\/li>\n<\/ul>\n","protected":false},"excerpt":{"rendered":"<p>Unisex Regenjacke. Modell f\u00fcr alle Altersgruppen. Es handelt sich um eine bequeme und praktische wasserdichte Jacke, die die Fortbewegung und sportliche Aktivit\u00e4ten bei kaltem, regnerischem oder windigem Wetter erleichtert. Sie bietet maximalen Schutz vor Wasser und erm\u00f6glicht gleichzeitig die Atmungsaktivit\u00e4t des Schwei\u00dfes.<\/p>\n<p>Enth\u00e4lt einen Rei\u00dfverschluss mit Blockierschieber, der verhindert, dass der Rei\u00dfverschluss aufgeht und somit Wasser eindringt. Die selbstverstaubare Kapuze kann in der mit Rei\u00dfverschluss verschlossenen Kragentasche verstaut werden. Diese Kapuze ist durch Kordelz\u00fcge verstellbar, um optimalen Schutz vor Wind, K\u00e4lte und Regen zu bieten. Au\u00dferdem verf\u00fcgt sie \u00fcber Taschen zur sicheren Aufbewahrung kleiner Gegenst\u00e4nde, einen verstellbaren \u00c4rmel mit Gummizug f\u00fcr eine bessere Passform und um das Eindringen von Wasser oder K\u00e4lte zu vermeiden.<\/p>\n<p>Hergestellt aus leichtem und wasserabweisendem Material. In den st\u00e4rker schwitzenden Bereichen ist die Micro-Mesh-Technologie integriert, um die Atmungsaktivit\u00e4t zu verbessern und die Bel\u00fcftung zu erh\u00f6hen, was hilft, die K\u00f6rpertemperatur zu regulieren und unangenehme Ger\u00fcche zu vermeiden.<\/p>\n<p>Es hat ein schlichtes und grundlegendes Design, das sich leicht mit jeder Kleidung kombinieren l\u00e4sst.<\/p>\n<p>*Bei den Junior-Gr\u00f6\u00dfen sind keine Kordelz\u00fcge enthalten.<\/p>\n<p>Besticktes Joma-Logo. Inklusive Vereinslogo und Vereinsnamen.<\/p>\n<p>Bitte auf Verf\u00fcgbarkeit pr\u00fcfen und anschlie\u00dfend hier bestellen.<\/p>\n<p><a href=\"https:\/\/www.joma-sport.com\/de_DE\/regenjacke-mann-iris-k%C3%B6nigsblau\/100087.700.html\">Regenjacke mann Iris k\u00f6nigsblau | JOMA\u00ae<\/a><\/p>\n<p>Keine Lagerhaltung. Joma Bestellungen werden gesammelt und sp\u00e4testens am letzten des Monats bestellt (vorausgesetzt ist Lieferbarkeit), danach wird eine Versand- und Bearbeitungszeit von ca. 14 Tage veranschlagt.<\/p>\n<p>Umtausch oder R\u00fcckgabe von bedruckten Artikeln ist ausgeschlossen.<\/p>\n","protected":false},"featured_media":2410,"template":"","meta":[],"product_brand":[],"product_cat":[75],"product_tag":[],"class_list":{"0":"post-2397","1":"product","2":"type-product","3":"status-publish","4":"has-post-thumbnail","6":"product_cat-fsv-bw-mahlsdorf-waldesruh-clubkollektion","8":"first","9":"instock","10":"taxable","11":"shipping-taxable","12":"purchasable","13":"product-type-variable"},"_links":{"self":[{"href":"https:\/\/jepp-teamsport.de\/index.php?rest_route=\/wp\/v2\/product\/2397","targetHints":{"allow":["GET"]}}],"collection":[{"href":"https:\/\/jepp-teamsport.de\/index.php?rest_route=\/wp\/v2\/product"}],"about":[{"href":"https:\/\/jepp-teamsport.de\/index.php?rest_route=\/wp\/v2\/types\/product"}],"wp:featuredmedia":[{"embeddable":true,"href":"https:\/\/jepp-teamsport.de\/index.php?rest_route=\/wp\/v2\/media\/2410"}],"wp:attachment":[{"href":"https:\/\/jepp-teamsport.de\/index.php?rest_route=%2Fwp%2Fv2%2Fmedia&parent=2397"}],"wp:term":[{"taxonomy":"product_brand","embeddable":true,"href":"https:\/\/jepp-teamsport.de\/index.php?rest_route=%2Fwp%2Fv2%2Fproduct_brand&post=2397"},{"taxonomy":"product_cat","embeddable":true,"href":"https:\/\/jepp-teamsport.de\/index.php?rest_route=%2Fwp%2Fv2%2Fproduct_cat&post=2397"},{"taxonomy":"product_tag","embeddable":true,"href":"https:\/\/jepp-teamsport.de\/index.php?rest_route=%2Fwp%2Fv2%2Fproduct_tag&post=2397"}],"curies":[{"name":"wp","href":"https:\/\/api.w.org\/{rel}","templated":true}]}}