{"id":2215,"date":"2025-07-21T11:51:26","date_gmt":"2025-07-21T11:51:26","guid":{"rendered":"https:\/\/jepp-teamsport.de\/?post_type=product&#038;p=2215"},"modified":"2025-07-21T12:24:37","modified_gmt":"2025-07-21T12:24:37","slug":"jako-coachjacke-mit-kapuze-msv-19-ruedersdorf-schwarz","status":"publish","type":"product","link":"https:\/\/jepp-teamsport.de\/?product=jako-coachjacke-mit-kapuze-msv-19-ruedersdorf-schwarz","title":{"rendered":"JAKO Coachjacke mit Kapuze MSV 19 R\u00fcdersdorf schwarz"},"content":{"rendered":"<div class=\"slidecontent_itemcard_wrapper active\">\n<div class=\"hl\">Details<\/div>\n<div class=\"text\">\n<ul>\n<li>Weiches Fleece auf der Innenseite<\/li>\n<li>Ohne Kordeln bei Kindergr\u00f6\u00dfen<\/li>\n<li>Seitentaschen mit Rei\u00dfverschluss<\/li>\n<li>Kapuze mit Kordelzug und Stoppern<\/li>\n<li>Integrierte Rippb\u00fcndchen im \u00c4rmel<\/li>\n<li>W\u00e4rmeisolierende Wattierung<\/li>\n<li>Polyester-Ribstop<\/li>\n<li>Wind- und wasserabweisendes Obermaterial mit Laminierung\n<div class=\"slidecontent_itemcard_wrapper active\">\n<div class=\"hl\">Material<\/div>\n<div class=\"text\">\n<ul>\n<li>1500 mm PU<\/li>\n<li>100 % Polyester<\/li>\n<\/ul>\n<\/div>\n<\/div>\n<\/li>\n<\/ul>\n<\/div>\n<\/div>\n","protected":false},"excerpt":{"rendered":"<div class=\"slidecontent_itemcard_wrapper active\">\n<div class=\"text\"><strong>Erf\u00fcllt jegliche Anspr\u00fcche an eine Coachjacke<\/strong><\/p>\n<p>Wasserabweisendes Obermaterial, w\u00e4rmeisolierende Wattierung und weiches Fleece an der Innenseite machen die JAKO Coachjacke Team zur optimalen Ausstattung bei k\u00fchleren Temperaturen. Bei widrigem Wetter kannst Du die im Kragen intergierte Kapuze tragen. Des Weiteren sch\u00fctzen integrierte Ripp-B\u00fcndchen in den \u00c4rmeln, dem Kordelzug und den Stoppern sowie an der Kapuze vor dem Eindringen von Wind und Regen. So garantiert die Jacke optimalen Tragekonform.<\/p><\/div>\n<\/div>\n<p>Bitte auf Verf\u00fcgbarkeit pr\u00fcfen und anschlie\u00dfend hier bestellen.<\/p>\n<p>https:\/\/www.jako.com\/de-de\/coachjacke-team-mit-kapuze-p4406\/?color=800<\/p>\n<p>Keine Lagerhaltung. JAKO Bestellungen werden gesammelt und sp\u00e4testens am letzten des Monats bestellt (vorausgesetzt ist Lieferbarkeit), danach wird eine Versand- und Bearbeitungszeit von ca. 14 Tage veranschlagt.<\/p>\n<p>Umtausch oder R\u00fcckgabe von bedruckten Artikeln ist ausgeschlossen.<\/p>\n","protected":false},"featured_media":2234,"template":"","meta":[],"product_brand":[],"product_cat":[72],"product_tag":[],"class_list":{"0":"post-2215","1":"product","2":"type-product","3":"status-publish","4":"has-post-thumbnail","6":"product_cat-msv-19-ruedersdorf-clubkollektion","8":"first","9":"instock","10":"sale","11":"taxable","12":"shipping-taxable","13":"purchasable","14":"product-type-variable"},"_links":{"self":[{"href":"https:\/\/jepp-teamsport.de\/index.php?rest_route=\/wp\/v2\/product\/2215","targetHints":{"allow":["GET"]}}],"collection":[{"href":"https:\/\/jepp-teamsport.de\/index.php?rest_route=\/wp\/v2\/product"}],"about":[{"href":"https:\/\/jepp-teamsport.de\/index.php?rest_route=\/wp\/v2\/types\/product"}],"wp:featuredmedia":[{"embeddable":true,"href":"https:\/\/jepp-teamsport.de\/index.php?rest_route=\/wp\/v2\/media\/2234"}],"wp:attachment":[{"href":"https:\/\/jepp-teamsport.de\/index.php?rest_route=%2Fwp%2Fv2%2Fmedia&parent=2215"}],"wp:term":[{"taxonomy":"product_brand","embeddable":true,"href":"https:\/\/jepp-teamsport.de\/index.php?rest_route=%2Fwp%2Fv2%2Fproduct_brand&post=2215"},{"taxonomy":"product_cat","embeddable":true,"href":"https:\/\/jepp-teamsport.de\/index.php?rest_route=%2Fwp%2Fv2%2Fproduct_cat&post=2215"},{"taxonomy":"product_tag","embeddable":true,"href":"https:\/\/jepp-teamsport.de\/index.php?rest_route=%2Fwp%2Fv2%2Fproduct_tag&post=2215"}],"curies":[{"name":"wp","href":"https:\/\/api.w.org\/{rel}","templated":true}]}}