{"id":2198,"date":"2025-07-17T20:16:55","date_gmt":"2025-07-17T20:16:55","guid":{"rendered":"https:\/\/jepp-teamsport.de\/?post_type=product&#038;p=2198"},"modified":"2025-07-17T20:25:42","modified_gmt":"2025-07-17T20:25:42","slug":"joma-hose-elba-msv-19-ruedersdorf-schwarz","status":"publish","type":"product","link":"https:\/\/jepp-teamsport.de\/?product=joma-hose-elba-msv-19-ruedersdorf-schwarz","title":{"rendered":"Joma Hose Elba MSV 19 R\u00fcdersdorf schwarz"},"content":{"rendered":"<ul class=\"featuresul\">\n<li>\n<h3>Elastischer Bund mit Kordelzug<\/h3>\n<\/li>\n<li>\n<h3>Seitentaschen mit Rei\u00dfverschluss<\/h3>\n<\/li>\n<li>\n<h3>Fleece-Stoff innen<\/h3>\n<\/li>\n<li>\n<h3>Schmaler Schnitt<\/h3>\n<\/li>\n<li>\n<h3>Saum mit Rei\u00dfverschluss<\/h3>\n<\/li>\n<li>\n<h3>Bewegungsfreiheit<\/h3>\n<\/li>\n<li>\n<h3>Passformtyp: regular<\/h3>\n<\/li>\n<li>\n<h3>100% Polyester<\/h3>\n<\/li>\n<\/ul>\n","protected":false},"excerpt":{"rendered":"<p>Lange R\u00f6hrenhose mit Rei\u00dferschluss und Falte am Seitenschlitz, die das An- und Ausziehen des Kleidungsst\u00fccks erleichtern. Rei\u00dferschlusstaschen und ein elastischer Bund mit Kordelzug sorgen f\u00fcr besseren Sitz<\/p>\n<p>Bitte auf Verf\u00fcgbarkeit pr\u00fcfen und anschlie\u00dfend hier bestellen.<\/p>\n<p><a href=\"https:\/\/www.joma-sport.com\/de_DE\/lange-hose-mann-elba-schwarz\/100540.100.html\">Lange hose mann Elba schwarz | JOMA\u00ae<\/a><\/p>\n<p>Keine Lagerhaltung. Joma Bestellungen werden gesammelt und sp\u00e4testens am letzten des Monats bestellt (vorausgesetzt ist Lieferbarkeit), danach wird eine Versand- und Bearbeitungszeit von ca. 14 Tage veranschlagt.<\/p>\n<p>Umtausch oder R\u00fcckgabe von bedruckten Artikeln ist ausgeschlossen.<\/p>\n","protected":false},"featured_media":2095,"template":"","meta":[],"product_brand":[],"product_cat":[72],"product_tag":[],"class_list":{"0":"post-2198","1":"product","2":"type-product","3":"status-publish","4":"has-post-thumbnail","6":"product_cat-msv-19-ruedersdorf-clubkollektion","8":"first","9":"instock","10":"sale","11":"taxable","12":"shipping-taxable","13":"purchasable","14":"product-type-variable"},"_links":{"self":[{"href":"https:\/\/jepp-teamsport.de\/index.php?rest_route=\/wp\/v2\/product\/2198","targetHints":{"allow":["GET"]}}],"collection":[{"href":"https:\/\/jepp-teamsport.de\/index.php?rest_route=\/wp\/v2\/product"}],"about":[{"href":"https:\/\/jepp-teamsport.de\/index.php?rest_route=\/wp\/v2\/types\/product"}],"wp:featuredmedia":[{"embeddable":true,"href":"https:\/\/jepp-teamsport.de\/index.php?rest_route=\/wp\/v2\/media\/2095"}],"wp:attachment":[{"href":"https:\/\/jepp-teamsport.de\/index.php?rest_route=%2Fwp%2Fv2%2Fmedia&parent=2198"}],"wp:term":[{"taxonomy":"product_brand","embeddable":true,"href":"https:\/\/jepp-teamsport.de\/index.php?rest_route=%2Fwp%2Fv2%2Fproduct_brand&post=2198"},{"taxonomy":"product_cat","embeddable":true,"href":"https:\/\/jepp-teamsport.de\/index.php?rest_route=%2Fwp%2Fv2%2Fproduct_cat&post=2198"},{"taxonomy":"product_tag","embeddable":true,"href":"https:\/\/jepp-teamsport.de\/index.php?rest_route=%2Fwp%2Fv2%2Fproduct_tag&post=2198"}],"curies":[{"name":"wp","href":"https:\/\/api.w.org\/{rel}","templated":true}]}}