{"id":2109,"date":"2025-07-17T10:36:35","date_gmt":"2025-07-17T10:36:35","guid":{"rendered":"https:\/\/jepp-teamsport.de\/?post_type=product&#038;p=2109"},"modified":"2025-07-17T19:27:04","modified_gmt":"2025-07-17T19:27:04","slug":"joma-trikot-combi-msv-19-ruedersdorf-royal","status":"publish","type":"product","link":"https:\/\/jepp-teamsport.de\/?product=joma-trikot-combi-msv-19-ruedersdorf-royal","title":{"rendered":"Joma Trikot Combi MSV 19 R\u00fcdersdorf royal"},"content":{"rendered":"<ul class=\"double-column\">\n<li>Leichter und atmungsaktiver Stoff<\/li>\n<li>Gedrucktes Logo<\/li>\n<li>Bewegungsfreiheit<\/li>\n<li>Passformtyp: regular<\/li>\n<li>100% Polyester<\/li>\n<\/ul>\n","protected":false},"excerpt":{"rendered":"<p>Rundhals-T-Shirt. K\u00f6rperfeuchtigkeit des Sportlers zu steuern.<\/p>\n<p>Bitte auf Verf\u00fcgbarkeit pr\u00fcfen und anschlie\u00dfend hier bestellen.<\/p>\n<p><a href=\"https:\/\/www.joma-sport.com\/de_DE\/kurzarmshirt-mann-combi-k%C3%B6nigsblau\/100052.700.html\">Kurzarmshirt mann Combi k\u00f6nigsblau | JOMA\u00ae<\/a><\/p>\n<p>Keine Lagerhaltung. Joma Bestellungen werden gesammelt und sp\u00e4testens am letzten des Monats bestellt (vorausgesetzt ist Lieferbarkeit), danach wird eine Versand- und Bearbeitungszeit von ca. 14 Tage veranschlagt.<\/p>\n<p>Umtausch oder R\u00fcckgabe von bedruckten Artikeln ist ausgeschlossen.<\/p>\n","protected":false},"featured_media":2107,"template":"","meta":[],"product_brand":[],"product_cat":[72],"product_tag":[],"class_list":{"0":"post-2109","1":"product","2":"type-product","3":"status-publish","4":"has-post-thumbnail","6":"product_cat-msv-19-ruedersdorf-clubkollektion","8":"first","9":"instock","10":"sale","11":"taxable","12":"shipping-taxable","13":"purchasable","14":"product-type-variable"},"_links":{"self":[{"href":"https:\/\/jepp-teamsport.de\/index.php?rest_route=\/wp\/v2\/product\/2109","targetHints":{"allow":["GET"]}}],"collection":[{"href":"https:\/\/jepp-teamsport.de\/index.php?rest_route=\/wp\/v2\/product"}],"about":[{"href":"https:\/\/jepp-teamsport.de\/index.php?rest_route=\/wp\/v2\/types\/product"}],"wp:featuredmedia":[{"embeddable":true,"href":"https:\/\/jepp-teamsport.de\/index.php?rest_route=\/wp\/v2\/media\/2107"}],"wp:attachment":[{"href":"https:\/\/jepp-teamsport.de\/index.php?rest_route=%2Fwp%2Fv2%2Fmedia&parent=2109"}],"wp:term":[{"taxonomy":"product_brand","embeddable":true,"href":"https:\/\/jepp-teamsport.de\/index.php?rest_route=%2Fwp%2Fv2%2Fproduct_brand&post=2109"},{"taxonomy":"product_cat","embeddable":true,"href":"https:\/\/jepp-teamsport.de\/index.php?rest_route=%2Fwp%2Fv2%2Fproduct_cat&post=2109"},{"taxonomy":"product_tag","embeddable":true,"href":"https:\/\/jepp-teamsport.de\/index.php?rest_route=%2Fwp%2Fv2%2Fproduct_tag&post=2109"}],"curies":[{"name":"wp","href":"https:\/\/api.w.org\/{rel}","templated":true}]}}