{"id":2020,"date":"2025-06-27T15:11:27","date_gmt":"2025-06-27T15:11:27","guid":{"rendered":"https:\/\/jepp-teamsport.de\/?post_type=product&#038;p=2020"},"modified":"2025-06-27T15:24:02","modified_gmt":"2025-06-27T15:24:02","slug":"joma-trainingsanzug-victory-msv-19-ruedersdorf-royal-navy","status":"publish","type":"product","link":"https:\/\/jepp-teamsport.de\/?product=joma-trainingsanzug-victory-msv-19-ruedersdorf-royal-navy","title":{"rendered":"Joma Trainingsanzug Victory MSV 19 R\u00fcdersdorf royal\/navy"},"content":{"rendered":"<ul class=\"featuresul\">\n<li>\n<h3>Jacke mit Taschen<\/h3>\n<\/li>\n<li>\n<h3>Hose mit Taschen<\/h3>\n<\/li>\n<li>\n<h3>Bequemer Stoff<\/h3>\n<\/li>\n<li>\n<h3>Passformtyp: regular<\/h3>\n<\/li>\n<li>\n<h3>100% Polyester<\/h3>\n<\/li>\n<\/ul>\n","protected":false},"excerpt":{"rendered":"<p>Herren-Trainingsanzug. Ein vielseitiges, bequemes und bewegungsfreies Trainingsset, das Ihnen bei der Nutzung Vielseitigkeit, Komfort und Bewegungsfreiheit bietet. Ein Must Have f\u00fcr jede k\u00f6rperliche Aktivit\u00e4t.<\/p>\n<p>Der Pullover verf\u00fcgt \u00fcber einen durchgehenden Rei\u00dfverschluss und einen Kinnschutz. Er ist an den \u00c4rmelb\u00fcndchen und am Saum mit Rippst\u00fccken verstellbar. Au\u00dferdem hat er zwei vordere Taschen mit Rei\u00dfverschluss, um kleine pers\u00f6nliche Gegenst\u00e4nde sicher aufzubewahren. Auf der anderen Seite haben die Hosen einen elastischen Bund mit einem innenliegenden Kordelzug und Rei\u00dfverschl\u00fcsse am Saum, um das An- und Ausziehen zu erleichtern. Ausgestattet mit zwei weiteren Taschen.<\/p>\n<p>Beide Kleidungsst\u00fccke wurden aus einem komfortablen, warmen und strapazierf\u00e4higen Trikotstoff hergestellt.<\/p>\n<p>Design mit kontrastierenden Farbst\u00fccken sowohl auf der Brust als auch an den \u00c4rmeln. Eingefasster Abschluss.<\/p>\n<p>Bestickte Joma-Logos.<\/p>\n<p>Bitte auf Verf\u00fcgbarkeit pr\u00fcfen und anschlie\u00dfend hier bestellen.<\/p>\n<p><a href=\"https:\/\/www.joma-sport.com\/de_DE\/trainingsanzug-mann-victory-k%C3%B6nigsblau-marineblau\/103564.703.html\">Trainingsanzug mann Victory k\u00f6nigsblau marineblau | JOMA\u00ae<\/a><\/p>\n<p>Keine Lagerhaltung. Joma Bestellungen werden gesammelt und sp\u00e4testens am letzten des Monats bestellt (vorausgesetzt ist Lieferbarkeit), danach wird eine Versand- und Bearbeitungszeit von ca. 14 Tage veranschlagt.<\/p>\n<p>Umtausch oder R\u00fcckgabe von bedruckten Artikeln ist ausgeschlossen.<\/p>\n","protected":false},"featured_media":2034,"template":"","meta":[],"product_brand":[],"product_cat":[72],"product_tag":[],"class_list":{"0":"post-2020","1":"product","2":"type-product","3":"status-publish","4":"has-post-thumbnail","6":"product_cat-msv-19-ruedersdorf-clubkollektion","8":"first","9":"instock","10":"sale","11":"taxable","12":"shipping-taxable","13":"purchasable","14":"product-type-variable"},"_links":{"self":[{"href":"https:\/\/jepp-teamsport.de\/index.php?rest_route=\/wp\/v2\/product\/2020","targetHints":{"allow":["GET"]}}],"collection":[{"href":"https:\/\/jepp-teamsport.de\/index.php?rest_route=\/wp\/v2\/product"}],"about":[{"href":"https:\/\/jepp-teamsport.de\/index.php?rest_route=\/wp\/v2\/types\/product"}],"wp:featuredmedia":[{"embeddable":true,"href":"https:\/\/jepp-teamsport.de\/index.php?rest_route=\/wp\/v2\/media\/2034"}],"wp:attachment":[{"href":"https:\/\/jepp-teamsport.de\/index.php?rest_route=%2Fwp%2Fv2%2Fmedia&parent=2020"}],"wp:term":[{"taxonomy":"product_brand","embeddable":true,"href":"https:\/\/jepp-teamsport.de\/index.php?rest_route=%2Fwp%2Fv2%2Fproduct_brand&post=2020"},{"taxonomy":"product_cat","embeddable":true,"href":"https:\/\/jepp-teamsport.de\/index.php?rest_route=%2Fwp%2Fv2%2Fproduct_cat&post=2020"},{"taxonomy":"product_tag","embeddable":true,"href":"https:\/\/jepp-teamsport.de\/index.php?rest_route=%2Fwp%2Fv2%2Fproduct_tag&post=2020"}],"curies":[{"name":"wp","href":"https:\/\/api.w.org\/{rel}","templated":true}]}}