{"id":2018,"date":"2025-06-27T15:03:52","date_gmt":"2025-06-27T15:03:52","guid":{"rendered":"https:\/\/jepp-teamsport.de\/?post_type=product&#038;p=2018"},"modified":"2025-06-27T15:10:47","modified_gmt":"2025-06-27T15:10:47","slug":"joma-rucksack-estadio-iii-msv-19-ruedersdorf-schwarz-royal","status":"publish","type":"product","link":"https:\/\/jepp-teamsport.de\/?product=joma-rucksack-estadio-iii-msv-19-ruedersdorf-schwarz-royal","title":{"rendered":"Joma Rucksack Estadio III MSV 19 R\u00fcdersdorf schwarz\/royal"},"content":{"rendered":"<ul class=\"featuresul\">\n<li>\n<h3>Robuster Stoff<\/h3>\n<\/li>\n<li>\n<h3>Vordertaschen<\/h3>\n<\/li>\n<li>\n<h3>Hohe Schuhtasche 14 cm<\/h3>\n<\/li>\n<li>\n<h3>Gepolsterter R\u00fccken<\/h3>\n<\/li>\n<li>\n<h3>Kapazit\u00e4t 23,8 L<\/h3>\n<\/li>\n<li>\n<h3>Abmessungen: H\u00f6he 46 cm x Breite 32 cm x Tiefe 20 cm<\/h3>\n<\/li>\n<li>\n<h3>Gepolsterte Griffe<\/h3>\n<\/li>\n<li>\n<h3>100% Polyester<\/h3>\n<\/li>\n<\/ul>\n","protected":false},"excerpt":{"rendered":"<div id=\"description\" class=\"attbox menu-description-title title current\">\n<div class=\"collapseText\">\n<p>Rucksack f\u00fcr Sporttraining oder Spiele. Es bietet ausreichend Platz, um all Ihre Trainingsgrundlagen zu verstauen und zu organisieren. Mit diesem Sportrucksack k\u00f6nnen Sie Ihre Ausr\u00fcstung bequem vom Haus zum Feld und vom Feld nach Hause transportieren. Gro\u00dfe Kapazit\u00e4t von 23,8 L.<\/p>\n<p>Zu den Merkmalen geh\u00f6ren ein Hauptfach mit Rei\u00dfverschluss f\u00fcr sperrige Gegenst\u00e4nde, eine Fronttasche mit gr\u00f6\u00dferer Kapazit\u00e4t und ein separates Schuhfach unten, in dem Sie Ihre Fu\u00dfballschuhe oder Sportschuhe aufbewahren k\u00f6nnen. Es ist 14 cm hoch. Dar\u00fcber hinaus gibt es zwei seitliche Netzstofftaschen mit elastischem Verschluss f\u00fcr die Wasserflasche oder das Energiegetr\u00e4nk.<\/p>\n<p>Die R\u00fcckseite und die verstellbaren Tr\u00e4ger sind gepolstert f\u00fcr unglaublichen Komfort und Langlebigkeit. Das Innere ist mit einem schwei\u00dfabsorbierenden Netzstoff versehen.<\/p>\n<p>Joma-Logo mit individuellem Design auf der Vorderseite zusammen mit anderen Details.<\/p>\n<p>Ma\u00dfe: 46 cm hoch x 32 cm breit x 20 cm tief.<\/p>\n<\/div>\n<\/div>\n<p>Bitte auf Verf\u00fcgbarkeit pr\u00fcfen und anschlie\u00dfend hier bestellen.<\/p>\n<p><a href=\"https:\/\/www.joma-sport.com\/de_DE\/rucksack---shoe-bag-estadio-iii-schwarz-k%C3%B6nigsblau\/400234.107.html\">Rucksack &#8211; shoe bag Estadio III schwarz k\u00f6nigsblau | JOMA\u00ae<\/a><\/p>\n<p>Keine Lagerhaltung. Joma Bestellungen werden gesammelt und sp\u00e4testens am letzten des Monats bestellt (vorausgesetzt ist Lieferbarkeit), danach wird eine Versand- und Bearbeitungszeit von ca. 14 Tage veranschlagt.<\/p>\n<p>Umtausch oder R\u00fcckgabe von bedruckten Artikeln ist ausgeschlossen.<\/p>\n","protected":false},"featured_media":2019,"template":"","meta":[],"product_brand":[],"product_cat":[72],"product_tag":[],"class_list":{"0":"post-2018","1":"product","2":"type-product","3":"status-publish","4":"has-post-thumbnail","6":"product_cat-msv-19-ruedersdorf-clubkollektion","8":"first","9":"instock","10":"sale","11":"taxable","12":"shipping-taxable","13":"purchasable","14":"product-type-simple"},"_links":{"self":[{"href":"https:\/\/jepp-teamsport.de\/index.php?rest_route=\/wp\/v2\/product\/2018","targetHints":{"allow":["GET"]}}],"collection":[{"href":"https:\/\/jepp-teamsport.de\/index.php?rest_route=\/wp\/v2\/product"}],"about":[{"href":"https:\/\/jepp-teamsport.de\/index.php?rest_route=\/wp\/v2\/types\/product"}],"wp:featuredmedia":[{"embeddable":true,"href":"https:\/\/jepp-teamsport.de\/index.php?rest_route=\/wp\/v2\/media\/2019"}],"wp:attachment":[{"href":"https:\/\/jepp-teamsport.de\/index.php?rest_route=%2Fwp%2Fv2%2Fmedia&parent=2018"}],"wp:term":[{"taxonomy":"product_brand","embeddable":true,"href":"https:\/\/jepp-teamsport.de\/index.php?rest_route=%2Fwp%2Fv2%2Fproduct_brand&post=2018"},{"taxonomy":"product_cat","embeddable":true,"href":"https:\/\/jepp-teamsport.de\/index.php?rest_route=%2Fwp%2Fv2%2Fproduct_cat&post=2018"},{"taxonomy":"product_tag","embeddable":true,"href":"https:\/\/jepp-teamsport.de\/index.php?rest_route=%2Fwp%2Fv2%2Fproduct_tag&post=2018"}],"curies":[{"name":"wp","href":"https:\/\/api.w.org\/{rel}","templated":true}]}}