{"id":1991,"date":"2025-06-27T14:37:20","date_gmt":"2025-06-27T14:37:20","guid":{"rendered":"https:\/\/jepp-teamsport.de\/?post_type=product&#038;p=1991"},"modified":"2025-06-27T14:57:06","modified_gmt":"2025-06-27T14:57:06","slug":"joma-kapuzenjacke-menfis-msv-19-ruedersdorf-royal","status":"publish","type":"product","link":"https:\/\/jepp-teamsport.de\/?product=joma-kapuzenjacke-menfis-msv-19-ruedersdorf-royal","title":{"rendered":"Joma Kapuzenjacke Menfis MSV 19 R\u00fcdersdorf royal"},"content":{"rendered":"<ul class=\"featuresul\">\n<li>\n<h3>Gerippte B\u00fcndchen und Saum<\/h3>\n<\/li>\n<li>\n<h3>Kapuze<\/h3>\n<\/li>\n<li>\n<h3>Weicher und bequemer Stoff<\/h3>\n<\/li>\n<li>\n<h3>Fleece-Stoff innen<\/h3>\n<\/li>\n<li>\n<h3>Bewegungsfreiheit<\/h3>\n<\/li>\n<li>\n<h3>Passformtyp: regular<\/h3>\n<\/li>\n<li>\n<h3>100% Polyester<\/h3>\n<\/li>\n<\/ul>\n","protected":false},"excerpt":{"rendered":"<p>Offene Jacke mit Rei\u00dferschluss und Kapuze. Mit Taschen und Rippdetails an den \u00c4rmeln und der Taille f\u00fcr eine perfekte Passform. Pl\u00fcsch-Innenausstattung f\u00fcr mehr Komfort. Gesticktes Logo.<\/p>\n<p>Bitte auf Verf\u00fcgbarkeit pr\u00fcfen und anschlie\u00dfend hier bestellen.<\/p>\n<p><a href=\"https:\/\/www.joma-sport.com\/de_DE\/jacke-mit-kapuze-mann-menfis-k%C3%B6nigsblau\/101303.700.html\">Jacke mit kapuze mann Menfis k\u00f6nigsblau | JOMA\u00ae<\/a><\/p>\n<p>Keine Lagerhaltung. Joma Bestellungen werden gesammelt und sp\u00e4testens am letzten des Monats bestellt (vorausgesetzt ist Lieferbarkeit), danach wird eine Versand- und Bearbeitungszeit von ca. 14 Tage veranschlagt.<\/p>\n<p>Umtausch oder R\u00fcckgabe von bedruckten Artikeln ist ausgeschlossen.<\/p>\n","protected":false},"featured_media":2004,"template":"","meta":[],"product_brand":[],"product_cat":[72],"product_tag":[],"class_list":{"0":"post-1991","1":"product","2":"type-product","3":"status-publish","4":"has-post-thumbnail","6":"product_cat-msv-19-ruedersdorf-clubkollektion","8":"first","9":"instock","10":"sale","11":"taxable","12":"shipping-taxable","13":"purchasable","14":"product-type-variable"},"_links":{"self":[{"href":"https:\/\/jepp-teamsport.de\/index.php?rest_route=\/wp\/v2\/product\/1991","targetHints":{"allow":["GET"]}}],"collection":[{"href":"https:\/\/jepp-teamsport.de\/index.php?rest_route=\/wp\/v2\/product"}],"about":[{"href":"https:\/\/jepp-teamsport.de\/index.php?rest_route=\/wp\/v2\/types\/product"}],"wp:featuredmedia":[{"embeddable":true,"href":"https:\/\/jepp-teamsport.de\/index.php?rest_route=\/wp\/v2\/media\/2004"}],"wp:attachment":[{"href":"https:\/\/jepp-teamsport.de\/index.php?rest_route=%2Fwp%2Fv2%2Fmedia&parent=1991"}],"wp:term":[{"taxonomy":"product_brand","embeddable":true,"href":"https:\/\/jepp-teamsport.de\/index.php?rest_route=%2Fwp%2Fv2%2Fproduct_brand&post=1991"},{"taxonomy":"product_cat","embeddable":true,"href":"https:\/\/jepp-teamsport.de\/index.php?rest_route=%2Fwp%2Fv2%2Fproduct_cat&post=1991"},{"taxonomy":"product_tag","embeddable":true,"href":"https:\/\/jepp-teamsport.de\/index.php?rest_route=%2Fwp%2Fv2%2Fproduct_tag&post=1991"}],"curies":[{"name":"wp","href":"https:\/\/api.w.org\/{rel}","templated":true}]}}