{"id":1956,"date":"2025-06-27T14:09:10","date_gmt":"2025-06-27T14:09:10","guid":{"rendered":"https:\/\/jepp-teamsport.de\/?post_type=product&#038;p=1956"},"modified":"2025-06-27T14:24:00","modified_gmt":"2025-06-27T14:24:00","slug":"joma-poloshirt-hobby-msv-19-ruedersdorf-royal","status":"publish","type":"product","link":"https:\/\/jepp-teamsport.de\/?product=joma-poloshirt-hobby-msv-19-ruedersdorf-royal","title":{"rendered":"Joma Poloshirt Hobby MSV 19 R\u00fcdersdorf royal"},"content":{"rendered":"<ul class=\"featuresul\">\n<li>\n<h3>Polokragen<\/h3>\n<\/li>\n<li>\n<h3>Bequemer Stoff<\/h3>\n<\/li>\n<li>\n<h3>Passformtyp: regular<\/h3>\n<\/li>\n<li>\n<h3>94% Polyester, 6% Baumwolle<\/h3>\n<\/li>\n<\/ul>\n","protected":false},"excerpt":{"rendered":"<p>Polo-Shirt mit Hemdkragen mit personalisierten Kn\u00f6pfen.<\/p>\n<p>Bitte auf Verf\u00fcgbarkeit pr\u00fcfen und anschlie\u00dfend hier bestellen.<\/p>\n<p><a href=\"https:\/\/www.joma-sport.com\/de_DE\/kurzarm-poloshirt-mann-hobby-k%C3%B6nigsblau\/100437.700.html\">Kurzarm-poloshirt mann Hobby k\u00f6nigsblau | JOMA\u00ae<\/a><\/p>\n<p>Keine Lagerhaltung. Joma Bestellungen werden gesammelt und sp\u00e4testens am letzten des Monats bestellt (vorausgesetzt ist Lieferbarkeit), danach wird eine Versand- und Bearbeitungszeit von ca. 14 Tage veranschlagt.<\/p>\n<p>Umtausch oder R\u00fcckgabe von bedruckten Artikeln ist ausgeschlossen.<\/p>\n","protected":false},"featured_media":1973,"template":"","meta":[],"product_brand":[],"product_cat":[72],"product_tag":[],"class_list":{"0":"post-1956","1":"product","2":"type-product","3":"status-publish","4":"has-post-thumbnail","6":"product_cat-msv-19-ruedersdorf-clubkollektion","8":"first","9":"instock","10":"sale","11":"taxable","12":"shipping-taxable","13":"purchasable","14":"product-type-variable"},"_links":{"self":[{"href":"https:\/\/jepp-teamsport.de\/index.php?rest_route=\/wp\/v2\/product\/1956","targetHints":{"allow":["GET"]}}],"collection":[{"href":"https:\/\/jepp-teamsport.de\/index.php?rest_route=\/wp\/v2\/product"}],"about":[{"href":"https:\/\/jepp-teamsport.de\/index.php?rest_route=\/wp\/v2\/types\/product"}],"wp:featuredmedia":[{"embeddable":true,"href":"https:\/\/jepp-teamsport.de\/index.php?rest_route=\/wp\/v2\/media\/1973"}],"wp:attachment":[{"href":"https:\/\/jepp-teamsport.de\/index.php?rest_route=%2Fwp%2Fv2%2Fmedia&parent=1956"}],"wp:term":[{"taxonomy":"product_brand","embeddable":true,"href":"https:\/\/jepp-teamsport.de\/index.php?rest_route=%2Fwp%2Fv2%2Fproduct_brand&post=1956"},{"taxonomy":"product_cat","embeddable":true,"href":"https:\/\/jepp-teamsport.de\/index.php?rest_route=%2Fwp%2Fv2%2Fproduct_cat&post=1956"},{"taxonomy":"product_tag","embeddable":true,"href":"https:\/\/jepp-teamsport.de\/index.php?rest_route=%2Fwp%2Fv2%2Fproduct_tag&post=1956"}],"curies":[{"name":"wp","href":"https:\/\/api.w.org\/{rel}","templated":true}]}}