{"id":1930,"date":"2025-06-27T13:24:00","date_gmt":"2025-06-27T13:24:00","guid":{"rendered":"https:\/\/jepp-teamsport.de\/?post_type=product&#038;p=1930"},"modified":"2025-06-27T13:24:00","modified_gmt":"2025-06-27T13:24:00","slug":"joma-trikot-academy-iv-msv-19-ruedersdorf-royal","status":"publish","type":"product","link":"https:\/\/jepp-teamsport.de\/?product=joma-trikot-academy-iv-msv-19-ruedersdorf-royal","title":{"rendered":"Joma Trikot Academy IV MSV 19 R\u00fcdersdorf royal"},"content":{"rendered":"<ul class=\"featuresul\">\n<li>\n<h3>Kurze Raglan\u00e4rmel<\/h3>\n<\/li>\n<li>\n<h3>Leichter und atmungsaktiver Stoff<\/h3>\n<\/li>\n<li>\n<h3>Kontrastreiche Farbschnitte<\/h3>\n<\/li>\n<li>\n<h3>Gedrucktes Logo<\/h3>\n<\/li>\n<li>\n<h3>Bewegungsfreiheit<\/h3>\n<\/li>\n<li>\n<h3>Passformtyp: semi fitted<\/h3>\n<\/li>\n<li>\n<h3>100% Polyester<\/h3>\n<\/li>\n<\/ul>\n","protected":false},"excerpt":{"rendered":"<p>Kurz\u00e4rmeliges T-Shirt mit Rundhalsausschnitt und Raglan\u00e4rmeln mit kontrastfarbigem Schnitt. Die Raglan\u00e4rmel haben keine N\u00e4hte im Schulterbereich, wodurch die Bewegungsfreiheit des Sportlers erh\u00f6ht wird. Logo im Siebdruckverfahren.<\/p>\n<p>Bitte auf Verf\u00fcgbarkeit pr\u00fcfen und anschlie\u00dfend hier bestellen.<\/p>\n<p><a href=\"https:\/\/www.joma-sport.com\/de_DE\/kurzarmshirt-mann-academy-iv-k%C3%B6nigsblau-wei%C3%9F\/101968.702.html\">Kurzarmshirt mann Academy IV k\u00f6nigsblau wei\u00df | JOMA\u00ae<\/a><\/p>\n<p>Keine Lagerhaltung. Joma Bestellungen werden gesammelt und sp\u00e4testens am letzten des Monats bestellt (vorausgesetzt ist Lieferbarkeit), danach wird eine Versand- und Bearbeitungszeit von ca. 14 Tage veranschlagt.<\/p>\n<p>Umtausch oder R\u00fcckgabe von bedruckten Artikeln ist ausgeschlossen.<\/p>\n","protected":false},"featured_media":1941,"template":"","meta":[],"product_brand":[],"product_cat":[72],"product_tag":[],"class_list":{"0":"post-1930","1":"product","2":"type-product","3":"status-publish","4":"has-post-thumbnail","6":"product_cat-msv-19-ruedersdorf-clubkollektion","8":"first","9":"instock","10":"sale","11":"taxable","12":"shipping-taxable","13":"purchasable","14":"product-type-variable"},"_links":{"self":[{"href":"https:\/\/jepp-teamsport.de\/index.php?rest_route=\/wp\/v2\/product\/1930","targetHints":{"allow":["GET"]}}],"collection":[{"href":"https:\/\/jepp-teamsport.de\/index.php?rest_route=\/wp\/v2\/product"}],"about":[{"href":"https:\/\/jepp-teamsport.de\/index.php?rest_route=\/wp\/v2\/types\/product"}],"wp:featuredmedia":[{"embeddable":true,"href":"https:\/\/jepp-teamsport.de\/index.php?rest_route=\/wp\/v2\/media\/1941"}],"wp:attachment":[{"href":"https:\/\/jepp-teamsport.de\/index.php?rest_route=%2Fwp%2Fv2%2Fmedia&parent=1930"}],"wp:term":[{"taxonomy":"product_brand","embeddable":true,"href":"https:\/\/jepp-teamsport.de\/index.php?rest_route=%2Fwp%2Fv2%2Fproduct_brand&post=1930"},{"taxonomy":"product_cat","embeddable":true,"href":"https:\/\/jepp-teamsport.de\/index.php?rest_route=%2Fwp%2Fv2%2Fproduct_cat&post=1930"},{"taxonomy":"product_tag","embeddable":true,"href":"https:\/\/jepp-teamsport.de\/index.php?rest_route=%2Fwp%2Fv2%2Fproduct_tag&post=1930"}],"curies":[{"name":"wp","href":"https:\/\/api.w.org\/{rel}","templated":true}]}}