{"id":1749,"date":"2025-06-26T15:25:52","date_gmt":"2025-06-26T15:25:52","guid":{"rendered":"https:\/\/jepp-teamsport.de\/?post_type=product&#038;p=1749"},"modified":"2025-06-27T08:37:38","modified_gmt":"2025-06-27T08:37:38","slug":"joma-hoodie-montana-bsc-marzahn-rot","status":"publish","type":"product","link":"https:\/\/jepp-teamsport.de\/?product=joma-hoodie-montana-bsc-marzahn-rot","title":{"rendered":"Joma Hoodie Montana BSC Marzahn"},"content":{"rendered":"<ul class=\"double-column\">\n<li>Gerippte B\u00fcndchen und Saum<\/li>\n<li>Kapuze mit Kordelzug<\/li>\n<li>K\u00e4ngurutasche<\/li>\n<li>Fleece-Stoff innen<\/li>\n<li>Bewegungsfreiheit<\/li>\n<li>Passformtyp: regular<\/li>\n<li>60% Baumwolle, 40% Polyester<\/li>\n<\/ul>\n","protected":false},"excerpt":{"rendered":"<p>Sweatshirt mit Kapuze, erstellbarem Kordelzug und K\u00e4ngurutasche. B\u00fcndchen und Saum sind aus Rippstoff. Inklusie Pl\u00fcsch-Innenseite, die f\u00fcr maximalen Komfort und W\u00e4rme sorgt. Inklusive BSC Marzahn Motiv.<\/p>\n<p>Bitte auf Verf\u00fcgbarkeit pr\u00fcfen und anschlie\u00dfend hier bestellen.<\/p>\n<p><a href=\"https:\/\/www.joma-sport.com\/de_DE\/sweatshirt-mit-kapuze-mann-montana-marineblau\/102108.331.html\">Sweatshirt mit kapuze mann Montana marineblau | JOMA\u00ae<\/a><\/p>\n<p>Keine Lagerhaltung. Joma Bestellungen werden gesammelt und sp\u00e4testens am letzten des Monats bestellt (vorausgesetzt ist Lieferbarkeit), danach wird eine Versand- und Bearbeitungszeit von ca. 14 Tage veranschlagt.<\/p>\n<p>Umtausch oder R\u00fcckgabe von bedruckten Artikeln ist ausgeschlossen.<\/p>\n","protected":false},"featured_media":1795,"template":"","meta":[],"product_brand":[],"product_cat":[71],"product_tag":[],"class_list":{"0":"post-1749","1":"product","2":"type-product","3":"status-publish","4":"has-post-thumbnail","6":"product_cat-bsc-marzahn-clubkollektion","8":"first","9":"instock","10":"taxable","11":"shipping-taxable","12":"purchasable","13":"product-type-variable"},"_links":{"self":[{"href":"https:\/\/jepp-teamsport.de\/index.php?rest_route=\/wp\/v2\/product\/1749","targetHints":{"allow":["GET"]}}],"collection":[{"href":"https:\/\/jepp-teamsport.de\/index.php?rest_route=\/wp\/v2\/product"}],"about":[{"href":"https:\/\/jepp-teamsport.de\/index.php?rest_route=\/wp\/v2\/types\/product"}],"wp:featuredmedia":[{"embeddable":true,"href":"https:\/\/jepp-teamsport.de\/index.php?rest_route=\/wp\/v2\/media\/1795"}],"wp:attachment":[{"href":"https:\/\/jepp-teamsport.de\/index.php?rest_route=%2Fwp%2Fv2%2Fmedia&parent=1749"}],"wp:term":[{"taxonomy":"product_brand","embeddable":true,"href":"https:\/\/jepp-teamsport.de\/index.php?rest_route=%2Fwp%2Fv2%2Fproduct_brand&post=1749"},{"taxonomy":"product_cat","embeddable":true,"href":"https:\/\/jepp-teamsport.de\/index.php?rest_route=%2Fwp%2Fv2%2Fproduct_cat&post=1749"},{"taxonomy":"product_tag","embeddable":true,"href":"https:\/\/jepp-teamsport.de\/index.php?rest_route=%2Fwp%2Fv2%2Fproduct_tag&post=1749"}],"curies":[{"name":"wp","href":"https:\/\/api.w.org\/{rel}","templated":true}]}}