{"id":1699,"date":"2025-04-18T08:27:34","date_gmt":"2025-04-18T08:27:34","guid":{"rendered":"https:\/\/jepp-teamsport.de\/?post_type=product&#038;p=1699"},"modified":"2025-04-18T08:27:34","modified_gmt":"2025-04-18T08:27:34","slug":"joma-unterzieher-kurz-bsc-marzahn-marine","status":"publish","type":"product","link":"https:\/\/jepp-teamsport.de\/?product=joma-unterzieher-kurz-bsc-marzahn-marine","title":{"rendered":"Joma Unterzieher kurz BSC Marzahn marine"},"content":{"rendered":"<ul class=\"double-column\">\n<li>Elastischer und leichter Stoff<\/li>\n<li>Flache Flatlock-N\u00e4hte<\/li>\n<li>Bewegungsfreiheit<\/li>\n<li>Passformtyp: fitted<\/li>\n<li>90% Polyester, 10% Elastan<\/li>\n<\/ul>\n","protected":false},"excerpt":{"rendered":"<p>Kurze Leggins, die dank ihrer wasserdichten und atmungsaktien Eigenschaften bei allen Wetterbedingungen perfekten Schutz und Komfort bieten. Schwei\u00dffest, leicht, weich und flexibel. Bieten gro\u00dfe Bewegungsfreiheit, St\u00fctze und Komfort.<\/p>\n<p>Bitte auf Verf\u00fcgbarkeit pr\u00fcfen und anschlie\u00dfend hier bestellen.<\/p>\n<p><a href=\"https:\/\/www.joma-sport.com\/de_DE\/leggings-kurz-mann-brama-academy-marineblau\/101017.331.html\">Leggings kurz mann Brama Academy marineblau | JOMA\u00ae<\/a><\/p>\n<p>Keine Lagerhaltung. Joma Bestellungen werden gesammelt und sp\u00e4testens am letzten des Monats bestellt (vorausgesetzt ist Lieferbarkeit), danach wird eine Versand- und Bearbeitungszeit von ca. 14 Tage veranschlagt.<\/p>\n<p>Umtausch oder R\u00fcckgabe von bedruckten Artikeln ist ausgeschlossen.<\/p>\n","protected":false},"featured_media":1703,"template":"","meta":[],"product_brand":[],"product_cat":[71],"product_tag":[],"class_list":{"0":"post-1699","1":"product","2":"type-product","3":"status-publish","4":"has-post-thumbnail","6":"product_cat-bsc-marzahn-clubkollektion","8":"first","9":"instock","10":"taxable","11":"shipping-taxable","12":"purchasable","13":"product-type-variable"},"_links":{"self":[{"href":"https:\/\/jepp-teamsport.de\/index.php?rest_route=\/wp\/v2\/product\/1699","targetHints":{"allow":["GET"]}}],"collection":[{"href":"https:\/\/jepp-teamsport.de\/index.php?rest_route=\/wp\/v2\/product"}],"about":[{"href":"https:\/\/jepp-teamsport.de\/index.php?rest_route=\/wp\/v2\/types\/product"}],"wp:featuredmedia":[{"embeddable":true,"href":"https:\/\/jepp-teamsport.de\/index.php?rest_route=\/wp\/v2\/media\/1703"}],"wp:attachment":[{"href":"https:\/\/jepp-teamsport.de\/index.php?rest_route=%2Fwp%2Fv2%2Fmedia&parent=1699"}],"wp:term":[{"taxonomy":"product_brand","embeddable":true,"href":"https:\/\/jepp-teamsport.de\/index.php?rest_route=%2Fwp%2Fv2%2Fproduct_brand&post=1699"},{"taxonomy":"product_cat","embeddable":true,"href":"https:\/\/jepp-teamsport.de\/index.php?rest_route=%2Fwp%2Fv2%2Fproduct_cat&post=1699"},{"taxonomy":"product_tag","embeddable":true,"href":"https:\/\/jepp-teamsport.de\/index.php?rest_route=%2Fwp%2Fv2%2Fproduct_tag&post=1699"}],"curies":[{"name":"wp","href":"https:\/\/api.w.org\/{rel}","templated":true}]}}