{"id":1593,"date":"2025-03-07T15:29:55","date_gmt":"2025-03-07T15:29:55","guid":{"rendered":"https:\/\/jepp-teamsport.de\/?post_type=product&#038;p=1593"},"modified":"2025-03-07T15:36:15","modified_gmt":"2025-03-07T15:36:15","slug":"joma-trainingshose-nilo-combi-bsc-marzahn-marine","status":"publish","type":"product","link":"https:\/\/jepp-teamsport.de\/?product=joma-trainingshose-nilo-combi-bsc-marzahn-marine","title":{"rendered":"Joma Trainingshose Nilo\/Combi BSC Marzahn marine"},"content":{"rendered":"<ul class=\"featuresul\">\n<li>\n<h3>Elastischer Bund mit Kordelzug<\/h3>\n<\/li>\n<li>\n<h3>Seitentaschen<\/h3>\n<\/li>\n<li>\n<h3>Weicher und bequemer Stoff<\/h3>\n<\/li>\n<li>\n<h3>Fleece-Stoff innen<\/h3>\n<\/li>\n<li>\n<h3>Schmaler Schnitt<\/h3>\n<\/li>\n<li>\n<h3>Saum mit Rei\u00dfverschluss<\/h3>\n<\/li>\n<li>\n<h3>Bewegungsfreiheit<\/h3>\n<\/li>\n<li>\n<h3>Passformtyp: regular<\/h3>\n<\/li>\n<li>\n<h3>100% Polyester<\/h3>\n<\/li>\n<\/ul>\n","protected":false},"excerpt":{"rendered":"<p>Lange, aufgeraute R\u00f6hrenhose mit Rei\u00dferschl\u00fcssen und Falte an den Schlitzen am Saum, die das An- und Ausziehen des Kleidungsst\u00fccks erleichtern. Mit Taschen ohne Rei\u00dferschluss und elastischem Bund mit Kordelzug f\u00fcr eine optimale Passform.<\/p>\n<p>Bitte auf Verf\u00fcgbarkeit pr\u00fcfen und anschlie\u00dfend hier bestellen.<\/p>\n<p><a href=\"https:\/\/www.joma-sport.com\/de_DE\/lange-hose-mann-nilo-marineblau\/100165.300.html?_gl=1*1aadakj*_up*MQ..*_ga*MTQ0MTc4MzQ5LjE3NDEzNTk4Mjg.*_ga_3E6KGFS80N*MTc0MTM1OTgyNy4xLjEuMTc0MTM1OTg3Ny4wLjAuMA..\">Lange hose mann Nilo marineblau | JOMA\u00ae<\/a><\/p>\n<p>Keine Lagerhaltung. Joma Bestellungen werden gesammelt und sp\u00e4testens am letzten des Monats bestellt (vorausgesetzt ist Lieferbarkeit), danach wird eine Versand- und Bearbeitungszeit von ca. 14 Tage veranschlagt.<\/p>\n<p>Umtausch oder R\u00fcckgabe von bedruckten Artikeln ist ausgeschlossen.<\/p>\n","protected":false},"featured_media":1594,"template":"","meta":[],"product_brand":[],"product_cat":[71],"product_tag":[],"class_list":{"0":"post-1593","1":"product","2":"type-product","3":"status-publish","4":"has-post-thumbnail","6":"product_cat-bsc-marzahn-clubkollektion","8":"first","9":"instock","10":"sale","11":"taxable","12":"shipping-taxable","13":"purchasable","14":"product-type-variable"},"_links":{"self":[{"href":"https:\/\/jepp-teamsport.de\/index.php?rest_route=\/wp\/v2\/product\/1593","targetHints":{"allow":["GET"]}}],"collection":[{"href":"https:\/\/jepp-teamsport.de\/index.php?rest_route=\/wp\/v2\/product"}],"about":[{"href":"https:\/\/jepp-teamsport.de\/index.php?rest_route=\/wp\/v2\/types\/product"}],"wp:featuredmedia":[{"embeddable":true,"href":"https:\/\/jepp-teamsport.de\/index.php?rest_route=\/wp\/v2\/media\/1594"}],"wp:attachment":[{"href":"https:\/\/jepp-teamsport.de\/index.php?rest_route=%2Fwp%2Fv2%2Fmedia&parent=1593"}],"wp:term":[{"taxonomy":"product_brand","embeddable":true,"href":"https:\/\/jepp-teamsport.de\/index.php?rest_route=%2Fwp%2Fv2%2Fproduct_brand&post=1593"},{"taxonomy":"product_cat","embeddable":true,"href":"https:\/\/jepp-teamsport.de\/index.php?rest_route=%2Fwp%2Fv2%2Fproduct_cat&post=1593"},{"taxonomy":"product_tag","embeddable":true,"href":"https:\/\/jepp-teamsport.de\/index.php?rest_route=%2Fwp%2Fv2%2Fproduct_tag&post=1593"}],"curies":[{"name":"wp","href":"https:\/\/api.w.org\/{rel}","templated":true}]}}