{"id":1563,"date":"2025-03-02T17:24:05","date_gmt":"2025-03-02T17:24:05","guid":{"rendered":"https:\/\/jepp-teamsport.de\/?post_type=product&#038;p=1563"},"modified":"2025-03-30T19:19:59","modified_gmt":"2025-03-30T19:19:59","slug":"joma-winterjacke-bsc-marzahn-marine-rot","status":"publish","type":"product","link":"https:\/\/jepp-teamsport.de\/?product=joma-winterjacke-bsc-marzahn-marine-rot","title":{"rendered":"Joma Winterjacke BSC Marzahn marine\/rot"},"content":{"rendered":"<ul class=\"double-column\">\n<li>Rippenb\u00fcndchen innen<\/li>\n<li>Selbst verstauende und abnehmbare Kapuze<\/li>\n<li>Innentasche<\/li>\n<li>Bequemer Stoff<\/li>\n<li>Innenfutter aus Fleece<\/li>\n<li>Kontrastreiche Farbschnitte<\/li>\n<li>Windbreaker<\/li>\n<li>Wasserdicht<\/li>\n<li>100% Polyester<\/li>\n<\/ul>\n","protected":false},"excerpt":{"rendered":"<p>3\/4-langer Anorak mit Fleece innen, um or der K\u00e4lte zu isolieren und Sie warm zu halten. Mit erdeckter Kapuze und Kordelzug. Seitentaschen mit Knopferschluss und eine zus\u00e4tzliche Innentasche mit Kletterschluss. Gesticktes Logo. Mit BSC Marzahn Logo (4,50\u20ac) und Vereinsname (4,50\u20ac) extra.<\/p>\n<p>Bitte auf Verf\u00fcgbarkeit pr\u00fcfen und anschlie\u00dfend hier bestellen.<\/p>\n<p><a href=\"https:\/\/www.joma-sport.com\/de_DE\/windjacke-mann-trivor-marineblau-rot\/102256.336.html\">Winterjacke mann Trivor marineblau rot | JOMA\u00ae<\/a><\/p>\n<p>Keine Lagerhaltung. Joma Bestellungen werden gesammelt und sp\u00e4testens am letzten des Monats bestellt (vorausgesetzt ist Lieferbarkeit), danach wird eine Versand- und Bearbeitungszeit von ca. 14 Tage veranschlagt.<\/p>\n<p>Umtausch oder R\u00fcckgabe von bedruckten Artikeln ist ausgeschlossen.<\/p>\n","protected":false},"featured_media":1565,"template":"","meta":[],"product_brand":[],"product_cat":[71],"product_tag":[],"class_list":{"0":"post-1563","1":"product","2":"type-product","3":"status-publish","4":"has-post-thumbnail","6":"product_cat-bsc-marzahn-clubkollektion","8":"first","9":"instock","10":"sale","11":"taxable","12":"shipping-taxable","13":"purchasable","14":"product-type-variable"},"_links":{"self":[{"href":"https:\/\/jepp-teamsport.de\/index.php?rest_route=\/wp\/v2\/product\/1563","targetHints":{"allow":["GET"]}}],"collection":[{"href":"https:\/\/jepp-teamsport.de\/index.php?rest_route=\/wp\/v2\/product"}],"about":[{"href":"https:\/\/jepp-teamsport.de\/index.php?rest_route=\/wp\/v2\/types\/product"}],"wp:featuredmedia":[{"embeddable":true,"href":"https:\/\/jepp-teamsport.de\/index.php?rest_route=\/wp\/v2\/media\/1565"}],"wp:attachment":[{"href":"https:\/\/jepp-teamsport.de\/index.php?rest_route=%2Fwp%2Fv2%2Fmedia&parent=1563"}],"wp:term":[{"taxonomy":"product_brand","embeddable":true,"href":"https:\/\/jepp-teamsport.de\/index.php?rest_route=%2Fwp%2Fv2%2Fproduct_brand&post=1563"},{"taxonomy":"product_cat","embeddable":true,"href":"https:\/\/jepp-teamsport.de\/index.php?rest_route=%2Fwp%2Fv2%2Fproduct_cat&post=1563"},{"taxonomy":"product_tag","embeddable":true,"href":"https:\/\/jepp-teamsport.de\/index.php?rest_route=%2Fwp%2Fv2%2Fproduct_tag&post=1563"}],"curies":[{"name":"wp","href":"https:\/\/api.w.org\/{rel}","templated":true}]}}