{"id":1548,"date":"2025-03-02T14:13:49","date_gmt":"2025-03-02T14:13:49","guid":{"rendered":"https:\/\/jepp-teamsport.de\/?post_type=product&#038;p=1548"},"modified":"2025-03-30T19:18:44","modified_gmt":"2025-03-30T19:18:44","slug":"joma-regenjacke-bsc-marzahn-marine-rot","status":"publish","type":"product","link":"https:\/\/jepp-teamsport.de\/?product=joma-regenjacke-bsc-marzahn-marine-rot","title":{"rendered":"Joma Regenjacke BSC Marzahn marine\/rot"},"content":{"rendered":"<ul class=\"double-column\">\n<li>Elastische Manschetten<\/li>\n<li>Selbst verstauende und abnehmbare Kapuze<\/li>\n<li>Hoher Kragen<\/li>\n<li>Seitentaschen mit Rei\u00dfverschluss<\/li>\n<li>Wasserfester Stoff<\/li>\n<li>Enth\u00e4lt Micro-Mesh-Technologie in den Bereichen mit hoher Transpiration<\/li>\n<li>Vermindert schlechte Ger\u00fcche<\/li>\n<li>Windbreaker<\/li>\n<li>Wasserdicht<\/li>\n<li>100% Polyester<\/li>\n<\/ul>\n","protected":false},"excerpt":{"rendered":"<p>Offene Regenjacke mit Rei\u00dferschluss und verstellbaren elastischen B\u00fcndchen f\u00fcr Komfort. Inklusive versteckter Kapuze und versteckten Rei\u00dfverschlusstaschen. Beinhaltet die Water-Resistant-Technologie. Gesticktes Logo. Mit BSC Marzahn Logo (4,50\u20ac) und Vereinsnamen (4,50\u20ac) extra.<\/p>\n<p>Bitte auf Verf\u00fcgbarkeit pr\u00fcfen und anschlie\u00dfend hier bestellen.<\/p>\n<p><a href=\"https:\/\/www.joma-sport.com\/de_DE\/regenjacke-mann-trivor-marineblau-rot\/102261.336.html?_gl=1*1786mfe*_up*MQ..*_ga*Njc4MzE0MTk5LjE3NDA5MTg0OTc.*_ga_3E6KGFS80N*MTc0MDkxODQ5Ni4xLjEuMTc0MDkxODYxMC4wLjAuMA..\">Regenjacke mann Trivor marineblau rot | JOMA\u00ae<\/a><\/p>\n<p>Keine Lagerhaltung. Joma Bestellungen werden gesammelt und sp\u00e4testens am letzten des Monats bestellt (vorausgesetzt ist Lieferbarkeit), danach wird eine Versand- und Bearbeitungszeit von ca. 14 Tage veranschlagt.<\/p>\n<p>Umtausch oder R\u00fcckgabe von bedruckten Artikeln ist ausgeschlossen.<\/p>\n<p>&nbsp;<\/p>\n","protected":false},"featured_media":1562,"template":"","meta":[],"product_brand":[],"product_cat":[71],"product_tag":[],"class_list":{"0":"post-1548","1":"product","2":"type-product","3":"status-publish","4":"has-post-thumbnail","6":"product_cat-bsc-marzahn-clubkollektion","8":"first","9":"instock","10":"sale","11":"taxable","12":"shipping-taxable","13":"purchasable","14":"product-type-variable"},"_links":{"self":[{"href":"https:\/\/jepp-teamsport.de\/index.php?rest_route=\/wp\/v2\/product\/1548","targetHints":{"allow":["GET"]}}],"collection":[{"href":"https:\/\/jepp-teamsport.de\/index.php?rest_route=\/wp\/v2\/product"}],"about":[{"href":"https:\/\/jepp-teamsport.de\/index.php?rest_route=\/wp\/v2\/types\/product"}],"wp:featuredmedia":[{"embeddable":true,"href":"https:\/\/jepp-teamsport.de\/index.php?rest_route=\/wp\/v2\/media\/1562"}],"wp:attachment":[{"href":"https:\/\/jepp-teamsport.de\/index.php?rest_route=%2Fwp%2Fv2%2Fmedia&parent=1548"}],"wp:term":[{"taxonomy":"product_brand","embeddable":true,"href":"https:\/\/jepp-teamsport.de\/index.php?rest_route=%2Fwp%2Fv2%2Fproduct_brand&post=1548"},{"taxonomy":"product_cat","embeddable":true,"href":"https:\/\/jepp-teamsport.de\/index.php?rest_route=%2Fwp%2Fv2%2Fproduct_cat&post=1548"},{"taxonomy":"product_tag","embeddable":true,"href":"https:\/\/jepp-teamsport.de\/index.php?rest_route=%2Fwp%2Fv2%2Fproduct_tag&post=1548"}],"curies":[{"name":"wp","href":"https:\/\/api.w.org\/{rel}","templated":true}]}}