{"id":1529,"date":"2025-02-27T20:27:17","date_gmt":"2025-02-27T20:27:17","guid":{"rendered":"https:\/\/jepp-teamsport.de\/?post_type=product&#038;p=1529"},"modified":"2025-04-18T07:30:27","modified_gmt":"2025-04-18T07:30:27","slug":"joma-praesentationsanzug-toledo-rot7marine","status":"publish","type":"product","link":"https:\/\/jepp-teamsport.de\/?product=joma-praesentationsanzug-toledo-rot7marine","title":{"rendered":"Joma Pr\u00e4sentationsanzug Toledo rot\/marine"},"content":{"rendered":"<ul class=\"featuresul\">\n<li>\n<h3>Jacke mit Taschen<\/h3>\n<\/li>\n<li>\n<h3>Hose mit Taschen<\/h3>\n<\/li>\n<li>\n<h3>Bequemer Stoff<\/h3>\n<\/li>\n<li>\n<h3>Saum mit Rei\u00dfverschluss<\/h3>\n<\/li>\n<li>\n<h3>Bewegungsfreiheit<\/h3>\n<\/li>\n<li>\n<h3>Passformtyp: regular<\/h3>\n<\/li>\n<li>\n<h3>100% Polyester<\/h3>\n<\/li>\n<\/ul>\n","protected":false},"excerpt":{"rendered":"<p>Herren-Trainingsanzug. Sehr bequemes und funktionales Multisport-Trainingsset, das Bewegungsfreiheit w\u00e4hrend des Gebrauchs gew\u00e4hrleistet. Dieses Basic ist perfekt f\u00fcr jede k\u00f6rperliche Aktivit\u00e4t. Au\u00dferdem verf\u00fcgt er \u00fcber zwei vordere Taschen mit Rei\u00dfverschluss, um kleine pers\u00f6nliche Gegenst\u00e4nde sicher aufzubewahren. Die Hose hat einen elastischen Bund mit innenliegendem Kordelzug und Rei\u00dfverschl\u00fcsse unten, um das An- und Ausziehen zu erleichtern. Ausgestattet mit zwei weiteren Taschen. Mit BSC Marzahn Logo (4,50\u20ac) und Vereinsname (4,50\u20ac) extra.<\/p>\n<p>Bitte auf Verf\u00fcgbarkeit pr\u00fcfen und anschlie\u00dfend hier bestellen.<\/p>\n<p><a href=\"https:\/\/www.joma-sport.com\/de_DE\/trainingsanzug-mann-toledo-rot-marineblau\/103615.603.html?_gl=1*gr5jv6*_up*MQ..*_ga*MTQ1NTQ0MjgyMS4xNzQwNjg3MDA3*_ga_3E6KGFS80N*MTc0MDY4NzAwNi4xLjAuMTc0MDY4NzAwNi4wLjAuMA..\">Trainingsanzug mann TOLEDO rot marineblau | JOMA\u00ae<\/a><\/p>\n<p>Keine Lagerhaltung. Joma Bestellungen werden gesammelt und sp\u00e4testens am letzten des Monats bestellt (vorausgesetzt ist Lieferbarkeit), danach wird eine Versand- und Bearbeitungszeit von ca. 14 Tage veranschlagt.<\/p>\n<p>Umtausch oder R\u00fcckgabe von bedruckten Artikeln ist ausgeschlossen.<\/p>\n<p>&nbsp;<\/p>\n","protected":false},"featured_media":1531,"template":"","meta":[],"product_brand":[],"product_cat":[71],"product_tag":[],"class_list":{"0":"post-1529","1":"product","2":"type-product","3":"status-publish","4":"has-post-thumbnail","6":"product_cat-bsc-marzahn-clubkollektion","8":"first","9":"instock","10":"sale","11":"taxable","12":"shipping-taxable","13":"purchasable","14":"product-type-variable"},"_links":{"self":[{"href":"https:\/\/jepp-teamsport.de\/index.php?rest_route=\/wp\/v2\/product\/1529","targetHints":{"allow":["GET"]}}],"collection":[{"href":"https:\/\/jepp-teamsport.de\/index.php?rest_route=\/wp\/v2\/product"}],"about":[{"href":"https:\/\/jepp-teamsport.de\/index.php?rest_route=\/wp\/v2\/types\/product"}],"wp:featuredmedia":[{"embeddable":true,"href":"https:\/\/jepp-teamsport.de\/index.php?rest_route=\/wp\/v2\/media\/1531"}],"wp:attachment":[{"href":"https:\/\/jepp-teamsport.de\/index.php?rest_route=%2Fwp%2Fv2%2Fmedia&parent=1529"}],"wp:term":[{"taxonomy":"product_brand","embeddable":true,"href":"https:\/\/jepp-teamsport.de\/index.php?rest_route=%2Fwp%2Fv2%2Fproduct_brand&post=1529"},{"taxonomy":"product_cat","embeddable":true,"href":"https:\/\/jepp-teamsport.de\/index.php?rest_route=%2Fwp%2Fv2%2Fproduct_cat&post=1529"},{"taxonomy":"product_tag","embeddable":true,"href":"https:\/\/jepp-teamsport.de\/index.php?rest_route=%2Fwp%2Fv2%2Fproduct_tag&post=1529"}],"curies":[{"name":"wp","href":"https:\/\/api.w.org\/{rel}","templated":true}]}}