{"id":1514,"date":"2025-02-27T20:06:33","date_gmt":"2025-02-27T20:06:33","guid":{"rendered":"https:\/\/jepp-teamsport.de\/?post_type=product&#038;p=1514"},"modified":"2025-03-02T12:22:54","modified_gmt":"2025-03-02T12:22:54","slug":"joma-trainingsjacke-winner-bsc-marzahn-rot-marine","status":"publish","type":"product","link":"https:\/\/jepp-teamsport.de\/?product=joma-trainingsjacke-winner-bsc-marzahn-rot-marine","title":{"rendered":"Joma Trainingsjacke Winner BSC Marzahn rot\/marine"},"content":{"rendered":"<ul class=\"featuresul\">\n<li>\n<h3>Gerippte B\u00fcndchen und Saum<\/h3>\n<\/li>\n<li>\n<h3>Seitentaschen mit Rei\u00dfverschluss<\/h3>\n<\/li>\n<li>\n<h3>Bequemer Stoff<\/h3>\n<\/li>\n<li>\n<h3>Fleece-Stoff innen<\/h3>\n<\/li>\n<li>\n<h3>Kontrastreiche Farbschnitte<\/h3>\n<\/li>\n<li>\n<h3>Bewegungsfreiheit<\/h3>\n<\/li>\n<li>\n<h3>Passformtyp: regular<\/h3>\n<\/li>\n<li>\n<h3>100% Polyester<\/h3>\n<\/li>\n<\/ul>\n","protected":false},"excerpt":{"rendered":"<p>Jacke mit durchgehendem Rei\u00dfverschluss, die durch den Kontrast besticht. Mit Rei\u00dfverschlusstaschen, elastischer Bund f\u00fcr eine bessere Passform und aufgesticktem Logo. Mit BSC Marzahn Logo (4,50\u20ac) und Vereinsname (4,50\u20ac) extra.<\/p>\n<p>Bitte auf Verf\u00fcgbarkeit pr\u00fcfen und anschlie\u00dfend hier bestellen.<\/p>\n<p><a href=\"https:\/\/www.joma-sport.com\/de_DE\/jacke-mann-winner-rot-marineblau\/101008.603.html\">Jacke mann Winner rot marineblau | JOMA\u00ae<\/a><\/p>\n<p>Keine Lagerhaltung. Joma Bestellungen werden gesammelt und sp\u00e4testens am letzten des Monats bestellt (vorausgesetzt ist Lieferbarkeit), danach wird eine Versand- und Bearbeitungszeit von ca. 14 Tage veranschlagt.<\/p>\n<p>Umtausch oder R\u00fcckgabe von bedruckten Artikeln ist ausgeschlossen.<\/p>\n","protected":false},"featured_media":1516,"template":"","meta":[],"product_brand":[],"product_cat":[71],"product_tag":[],"class_list":{"0":"post-1514","1":"product","2":"type-product","3":"status-publish","4":"has-post-thumbnail","6":"product_cat-bsc-marzahn-clubkollektion","8":"first","9":"instock","10":"sale","11":"taxable","12":"shipping-taxable","13":"purchasable","14":"product-type-variable"},"_links":{"self":[{"href":"https:\/\/jepp-teamsport.de\/index.php?rest_route=\/wp\/v2\/product\/1514","targetHints":{"allow":["GET"]}}],"collection":[{"href":"https:\/\/jepp-teamsport.de\/index.php?rest_route=\/wp\/v2\/product"}],"about":[{"href":"https:\/\/jepp-teamsport.de\/index.php?rest_route=\/wp\/v2\/types\/product"}],"wp:featuredmedia":[{"embeddable":true,"href":"https:\/\/jepp-teamsport.de\/index.php?rest_route=\/wp\/v2\/media\/1516"}],"wp:attachment":[{"href":"https:\/\/jepp-teamsport.de\/index.php?rest_route=%2Fwp%2Fv2%2Fmedia&parent=1514"}],"wp:term":[{"taxonomy":"product_brand","embeddable":true,"href":"https:\/\/jepp-teamsport.de\/index.php?rest_route=%2Fwp%2Fv2%2Fproduct_brand&post=1514"},{"taxonomy":"product_cat","embeddable":true,"href":"https:\/\/jepp-teamsport.de\/index.php?rest_route=%2Fwp%2Fv2%2Fproduct_cat&post=1514"},{"taxonomy":"product_tag","embeddable":true,"href":"https:\/\/jepp-teamsport.de\/index.php?rest_route=%2Fwp%2Fv2%2Fproduct_tag&post=1514"}],"curies":[{"name":"wp","href":"https:\/\/api.w.org\/{rel}","templated":true}]}}