{"id":1481,"date":"2025-02-27T16:13:42","date_gmt":"2025-02-27T16:13:42","guid":{"rendered":"https:\/\/jepp-teamsport.de\/?post_type=product&#038;p=1481"},"modified":"2025-03-02T12:24:45","modified_gmt":"2025-03-02T12:24:45","slug":"joma-zipper-winner-bsc-marzahn","status":"publish","type":"product","link":"https:\/\/jepp-teamsport.de\/?product=joma-zipper-winner-bsc-marzahn","title":{"rendered":"Joma Zipper Winner BSC Marzahn rot\/marine"},"content":{"rendered":"<ul class=\"featuresul\">\n<li>\n<h3>Weicher und bequemer Stoff<\/h3>\n<\/li>\n<li>\n<h3>Fleece-Stoff innen<\/h3>\n<\/li>\n<li>\n<h3>Bewegungsfreiheit<\/h3>\n<\/li>\n<li>\n<h3>Passformtyp: regular<\/h3>\n<\/li>\n<li>\n<h3>100% Polyester<\/h3>\n<\/li>\n<\/ul>\n","protected":false},"excerpt":{"rendered":"<p>Sweatshirt mit Rei\u00dfverschlusskragen, der durch seinen Kontrast, den fortschrittlichen Schnitt und das aufgestickte Logo besticht. Mit BSC Marzahn Logo (4,50\u20ac) und Vereinsname (4,50\u20ac) extra.<\/p>\n<p>Bitte auf Verf\u00fcgbarkeit pr\u00fcfen und anschlie\u00dfend hier bestellen.<\/p>\n<p><a href=\"https:\/\/www.joma-sport.com\/de_DE\/sweatshirt-mann-winner-rot-marineblau\/100947.603.html?_gl=1*1hzule7*_up*MQ..*_ga*MjEyOTAwMDU4NC4xNzQwNjcxOTEx*_ga_3E6KGFS80N*MTc0MDY3MTkxMC4xLjEuMTc0MDY3MTkyMC4wLjAuMA..\">Sweatshirt mann Winner rot marineblau | JOMA\u00ae<\/a><\/p>\n<p>Keine Lagerhaltung. Joma Bestellungen werden gesammelt und sp\u00e4testens am letzten des Monats bestellt (vorausgesetzt ist Lieferbarkeit), danach wird eine Versand- und Bearbeitungszeit von ca. 14 Tage veranschlagt.<\/p>\n<p>Umtausch oder R\u00fcckgabe von bedruckten Artikeln ist ausgeschlossen.<\/p>\n","protected":false},"featured_media":1495,"template":"","meta":[],"product_brand":[],"product_cat":[71],"product_tag":[],"class_list":{"0":"post-1481","1":"product","2":"type-product","3":"status-publish","4":"has-post-thumbnail","6":"product_cat-bsc-marzahn-clubkollektion","8":"first","9":"instock","10":"sale","11":"taxable","12":"shipping-taxable","13":"purchasable","14":"product-type-variable"},"_links":{"self":[{"href":"https:\/\/jepp-teamsport.de\/index.php?rest_route=\/wp\/v2\/product\/1481","targetHints":{"allow":["GET"]}}],"collection":[{"href":"https:\/\/jepp-teamsport.de\/index.php?rest_route=\/wp\/v2\/product"}],"about":[{"href":"https:\/\/jepp-teamsport.de\/index.php?rest_route=\/wp\/v2\/types\/product"}],"wp:featuredmedia":[{"embeddable":true,"href":"https:\/\/jepp-teamsport.de\/index.php?rest_route=\/wp\/v2\/media\/1495"}],"wp:attachment":[{"href":"https:\/\/jepp-teamsport.de\/index.php?rest_route=%2Fwp%2Fv2%2Fmedia&parent=1481"}],"wp:term":[{"taxonomy":"product_brand","embeddable":true,"href":"https:\/\/jepp-teamsport.de\/index.php?rest_route=%2Fwp%2Fv2%2Fproduct_brand&post=1481"},{"taxonomy":"product_cat","embeddable":true,"href":"https:\/\/jepp-teamsport.de\/index.php?rest_route=%2Fwp%2Fv2%2Fproduct_cat&post=1481"},{"taxonomy":"product_tag","embeddable":true,"href":"https:\/\/jepp-teamsport.de\/index.php?rest_route=%2Fwp%2Fv2%2Fproduct_tag&post=1481"}],"curies":[{"name":"wp","href":"https:\/\/api.w.org\/{rel}","templated":true}]}}