{"id":84,"date":"2023-05-30T15:34:43","date_gmt":"2023-05-30T15:34:43","guid":{"rendered":"https:\/\/schuller-sport.de\/?page_id=84"},"modified":"2026-01-03T11:18:03","modified_gmt":"2026-01-03T11:18:03","slug":"teamshops-und-kooperation","status":"publish","type":"page","link":"https:\/\/jepp-teamsport.de\/?page_id=84","title":{"rendered":"Teamshops"},"content":{"rendered":"\n<h1 class=\"wp-block-heading\"><mark style=\"background-color:rgba(0, 0, 0, 0)\" class=\"has-inline-color has-black-color\"><strong>Teamshops<\/strong><\/mark><\/h1>\n\n\n\n<figure class=\"wp-block-gallery has-nested-images columns-6 is-cropped wp-block-gallery-1 is-layout-flex wp-block-gallery-is-layout-flex\">\n<figure class=\"wp-block-image size-medium\"><a href=\"https:\/\/jepp-teamsport.de\/?product_cat=fsv-bw-mahlsdorf-waldesruh-clubkollektion\"><img loading=\"lazy\" decoding=\"async\" width=\"300\" height=\"300\" data-id=\"2569\" src=\"https:\/\/jepp-teamsport.de\/wp-content\/uploads\/2025\/12\/BWM-Logo-web-300x300.png\" alt=\"\" class=\"wp-image-2569\" srcset=\"https:\/\/jepp-teamsport.de\/wp-content\/uploads\/2025\/12\/BWM-Logo-web-300x300.png 300w, https:\/\/jepp-teamsport.de\/wp-content\/uploads\/2025\/12\/BWM-Logo-web-150x150.png 150w, https:\/\/jepp-teamsport.de\/wp-content\/uploads\/2025\/12\/BWM-Logo-web-600x600.png 600w, https:\/\/jepp-teamsport.de\/wp-content\/uploads\/2025\/12\/BWM-Logo-web-100x100.png 100w, https:\/\/jepp-teamsport.de\/wp-content\/uploads\/2025\/12\/BWM-Logo-web.png 627w\" sizes=\"auto, (max-width: 300px) 100vw, 300px\" \/><\/a><figcaption class=\"wp-element-caption\"><strong>FSV BW Mahlsdorf\/Waldesruh<\/strong><\/figcaption><\/figure>\n\n\n\n<figure class=\"wp-block-image size-medium\"><a href=\"https:\/\/team.jako.com\/de-de\/team\/schwimm_club_ostend_1910_e_v_\/\"><img loading=\"lazy\" decoding=\"async\" width=\"223\" height=\"300\" data-id=\"1161\" src=\"https:\/\/jepp-teamsport.de\/wp-content\/uploads\/2024\/07\/SCO-Logo-Web-223x300.png\" alt=\"\" class=\"wp-image-1161\" srcset=\"https:\/\/jepp-teamsport.de\/wp-content\/uploads\/2024\/07\/SCO-Logo-Web-223x300.png 223w, https:\/\/jepp-teamsport.de\/wp-content\/uploads\/2024\/07\/SCO-Logo-Web-600x807.png 600w, https:\/\/jepp-teamsport.de\/wp-content\/uploads\/2024\/07\/SCO-Logo-Web-111x150.png 111w, https:\/\/jepp-teamsport.de\/wp-content\/uploads\/2024\/07\/SCO-Logo-Web.png 677w\" sizes=\"auto, (max-width: 223px) 100vw, 223px\" \/><\/a><figcaption class=\"wp-element-caption\"><strong>Schwimm-Club Ostend 1910<\/strong><\/figcaption><\/figure>\n\n\n\n<figure class=\"wp-block-image size-large\"><a href=\"https:\/\/team.jako.com\/de-de\/team\/bsv_blumberg_e_v_\/\"><img loading=\"lazy\" decoding=\"async\" width=\"843\" height=\"1024\" data-id=\"2331\" src=\"https:\/\/jepp-teamsport.de\/wp-content\/uploads\/2025\/12\/BSV-Logo-web-1-843x1024.png\" alt=\"\" class=\"wp-image-2331\" srcset=\"https:\/\/jepp-teamsport.de\/wp-content\/uploads\/2025\/12\/BSV-Logo-web-1-843x1024.png 843w, https:\/\/jepp-teamsport.de\/wp-content\/uploads\/2025\/12\/BSV-Logo-web-1-247x300.png 247w, https:\/\/jepp-teamsport.de\/wp-content\/uploads\/2025\/12\/BSV-Logo-web-1-123x150.png 123w, https:\/\/jepp-teamsport.de\/wp-content\/uploads\/2025\/12\/BSV-Logo-web-1-768x933.png 768w, https:\/\/jepp-teamsport.de\/wp-content\/uploads\/2025\/12\/BSV-Logo-web-1-600x729.png 600w, https:\/\/jepp-teamsport.de\/wp-content\/uploads\/2025\/12\/BSV-Logo-web-1.png 876w\" sizes=\"auto, (max-width: 843px) 100vw, 843px\" \/><\/a><figcaption class=\"wp-element-caption\"><strong>BSV Blumberg<\/strong><\/figcaption><\/figure>\n\n\n\n<figure class=\"wp-block-image size-medium\"><a href=\"https:\/\/team.jako.com\/de-de\/team\/sv_blau_weiss_ladeburg_e_v_\/\"><img loading=\"lazy\" decoding=\"async\" width=\"195\" height=\"300\" data-id=\"1154\" src=\"https:\/\/jepp-teamsport.de\/wp-content\/uploads\/2024\/07\/Ladeburg-Logo-Web-195x300.png\" alt=\"\" class=\"wp-image-1154\" srcset=\"https:\/\/jepp-teamsport.de\/wp-content\/uploads\/2024\/07\/Ladeburg-Logo-Web-195x300.png 195w, https:\/\/jepp-teamsport.de\/wp-content\/uploads\/2024\/07\/Ladeburg-Logo-Web-600x924.png 600w, https:\/\/jepp-teamsport.de\/wp-content\/uploads\/2024\/07\/Ladeburg-Logo-Web-97x150.png 97w, https:\/\/jepp-teamsport.de\/wp-content\/uploads\/2024\/07\/Ladeburg-Logo-Web.png 614w\" sizes=\"auto, (max-width: 195px) 100vw, 195px\" \/><\/a><figcaption class=\"wp-element-caption\"><strong>SV Blau Wei\u00df Ladeburg<\/strong><\/figcaption><\/figure>\n\n\n\n<figure class=\"wp-block-image size-medium\"><a href=\"https:\/\/team.jako.com\/de-de\/team\/sg_blau_weiss_hohenschoenhausen_e_v_\/\"><img loading=\"lazy\" decoding=\"async\" width=\"300\" height=\"300\" data-id=\"2340\" src=\"https:\/\/jepp-teamsport.de\/wp-content\/uploads\/2025\/12\/BWH-Logo-web-300x300.png\" alt=\"\" class=\"wp-image-2340\" srcset=\"https:\/\/jepp-teamsport.de\/wp-content\/uploads\/2025\/12\/BWH-Logo-web-300x300.png 300w, https:\/\/jepp-teamsport.de\/wp-content\/uploads\/2025\/12\/BWH-Logo-web-150x150.png 150w, https:\/\/jepp-teamsport.de\/wp-content\/uploads\/2025\/12\/BWH-Logo-web-768x767.png 768w, https:\/\/jepp-teamsport.de\/wp-content\/uploads\/2025\/12\/BWH-Logo-web-600x599.png 600w, https:\/\/jepp-teamsport.de\/wp-content\/uploads\/2025\/12\/BWH-Logo-web-100x100.png 100w, https:\/\/jepp-teamsport.de\/wp-content\/uploads\/2025\/12\/BWH-Logo-web.png 942w\" sizes=\"auto, (max-width: 300px) 100vw, 300px\" \/><\/a><figcaption class=\"wp-element-caption\"><strong>SG Blau-Wei\u00df Hohensch\u00f6nhausen<\/strong><\/figcaption><\/figure>\n\n\n\n<figure class=\"wp-block-image size-medium is-style-default\"><a href=\"https:\/\/team.jako.com\/de-de\/team\/gruenauer_bc_1917\/\"><img loading=\"lazy\" decoding=\"async\" width=\"300\" height=\"300\" data-id=\"2335\" src=\"https:\/\/jepp-teamsport.de\/wp-content\/uploads\/2025\/12\/GBC-Logo-web-300x300.png\" alt=\"\" class=\"wp-image-2335\" srcset=\"https:\/\/jepp-teamsport.de\/wp-content\/uploads\/2025\/12\/GBC-Logo-web-300x300.png 300w, https:\/\/jepp-teamsport.de\/wp-content\/uploads\/2025\/12\/GBC-Logo-web-150x150.png 150w, https:\/\/jepp-teamsport.de\/wp-content\/uploads\/2025\/12\/GBC-Logo-web-768x768.png 768w, https:\/\/jepp-teamsport.de\/wp-content\/uploads\/2025\/12\/GBC-Logo-web-600x600.png 600w, https:\/\/jepp-teamsport.de\/wp-content\/uploads\/2025\/12\/GBC-Logo-web-100x100.png 100w, https:\/\/jepp-teamsport.de\/wp-content\/uploads\/2025\/12\/GBC-Logo-web.png 925w\" sizes=\"auto, (max-width: 300px) 100vw, 300px\" \/><\/a><figcaption class=\"wp-element-caption\"><strong>Gr\u00fcnauer BC<\/strong><\/figcaption><\/figure>\n\n\n\n<figure class=\"wp-block-image size-medium\"><a href=\"https:\/\/team.jako.com\/de-de\/team\/sv_treptow_46_e_v_\/\"><img loading=\"lazy\" decoding=\"async\" width=\"300\" height=\"292\" data-id=\"1159\" src=\"https:\/\/jepp-teamsport.de\/wp-content\/uploads\/2024\/07\/SV-Treptow-Logo-Web-300x292.png\" alt=\"\" class=\"wp-image-1159\" srcset=\"https:\/\/jepp-teamsport.de\/wp-content\/uploads\/2024\/07\/SV-Treptow-Logo-Web-300x292.png 300w, https:\/\/jepp-teamsport.de\/wp-content\/uploads\/2024\/07\/SV-Treptow-Logo-Web-600x584.png 600w, https:\/\/jepp-teamsport.de\/wp-content\/uploads\/2024\/07\/SV-Treptow-Logo-Web-150x146.png 150w, https:\/\/jepp-teamsport.de\/wp-content\/uploads\/2024\/07\/SV-Treptow-Logo-Web-768x747.png 768w, https:\/\/jepp-teamsport.de\/wp-content\/uploads\/2024\/07\/SV-Treptow-Logo-Web.png 912w\" sizes=\"auto, (max-width: 300px) 100vw, 300px\" \/><\/a><figcaption class=\"wp-element-caption\"><strong>SV Treptow 46<\/strong><\/figcaption><\/figure>\n\n\n\n<figure class=\"wp-block-image size-medium\"><a href=\"https:\/\/jepp-teamsport.de\/?product_cat=bsc-marzahn-clubkollektion\"><img loading=\"lazy\" decoding=\"async\" width=\"300\" height=\"300\" data-id=\"2337\" src=\"https:\/\/jepp-teamsport.de\/wp-content\/uploads\/2025\/12\/BSC-Logo-web-1-300x300.png\" alt=\"\" class=\"wp-image-2337\" srcset=\"https:\/\/jepp-teamsport.de\/wp-content\/uploads\/2025\/12\/BSC-Logo-web-1-300x300.png 300w, https:\/\/jepp-teamsport.de\/wp-content\/uploads\/2025\/12\/BSC-Logo-web-1-150x150.png 150w, https:\/\/jepp-teamsport.de\/wp-content\/uploads\/2025\/12\/BSC-Logo-web-1-768x768.png 768w, https:\/\/jepp-teamsport.de\/wp-content\/uploads\/2025\/12\/BSC-Logo-web-1-600x600.png 600w, https:\/\/jepp-teamsport.de\/wp-content\/uploads\/2025\/12\/BSC-Logo-web-1-100x100.png 100w, https:\/\/jepp-teamsport.de\/wp-content\/uploads\/2025\/12\/BSC-Logo-web-1.png 906w\" sizes=\"auto, (max-width: 300px) 100vw, 300px\" \/><\/a><figcaption class=\"wp-element-caption\">BSC Marzahn<\/figcaption><\/figure>\n\n\n\n<figure class=\"wp-block-image size-medium\"><a href=\"https:\/\/team.jako.com\/de-de\/team\/fsv_lok_eberswalde_e_v_\/\"><img loading=\"lazy\" decoding=\"async\" width=\"259\" height=\"300\" data-id=\"1158\" src=\"https:\/\/jepp-teamsport.de\/wp-content\/uploads\/2024\/07\/LOK-Logo-Web-259x300.png\" alt=\"\" class=\"wp-image-1158\" srcset=\"https:\/\/jepp-teamsport.de\/wp-content\/uploads\/2024\/07\/LOK-Logo-Web-259x300.png 259w, https:\/\/jepp-teamsport.de\/wp-content\/uploads\/2024\/07\/LOK-Logo-Web-600x695.png 600w, https:\/\/jepp-teamsport.de\/wp-content\/uploads\/2024\/07\/LOK-Logo-Web-130x150.png 130w, https:\/\/jepp-teamsport.de\/wp-content\/uploads\/2024\/07\/LOK-Logo-Web.png 766w\" sizes=\"auto, (max-width: 259px) 100vw, 259px\" \/><\/a><figcaption class=\"wp-element-caption\"><strong>FSV LOK Eberswalde<\/strong><\/figcaption><\/figure>\n\n\n\n<figure class=\"wp-block-image size-medium\"><a href=\"https:\/\/team.jako.com\/de-de\/team\/weissenseer_fc\/\"><img loading=\"lazy\" decoding=\"async\" width=\"300\" height=\"187\" data-id=\"1191\" src=\"https:\/\/jepp-teamsport.de\/wp-content\/uploads\/2024\/07\/WFC-Logo-Web-1-300x187.png\" alt=\"\" class=\"wp-image-1191\" srcset=\"https:\/\/jepp-teamsport.de\/wp-content\/uploads\/2024\/07\/WFC-Logo-Web-1-300x187.png 300w, https:\/\/jepp-teamsport.de\/wp-content\/uploads\/2024\/07\/WFC-Logo-Web-1-600x373.png 600w, https:\/\/jepp-teamsport.de\/wp-content\/uploads\/2024\/07\/WFC-Logo-Web-1-150x93.png 150w, https:\/\/jepp-teamsport.de\/wp-content\/uploads\/2024\/07\/WFC-Logo-Web-1-768x478.png 768w, https:\/\/jepp-teamsport.de\/wp-content\/uploads\/2024\/07\/WFC-Logo-Web-1.png 932w\" sizes=\"auto, (max-width: 300px) 100vw, 300px\" \/><\/a><figcaption class=\"wp-element-caption\"><strong>Wei\u00dfenseer FC<\/strong><\/figcaption><\/figure>\n\n\n\n<figure class=\"wp-block-image size-large\"><a href=\"https:\/\/erima.shop\/hellersdorfer-fc-berlin-ev\"><img loading=\"lazy\" decoding=\"async\" width=\"694\" height=\"1024\" data-id=\"1745\" src=\"https:\/\/jepp-teamsport.de\/wp-content\/uploads\/2025\/06\/HFC-Berlin-Logo-694x1024.png\" alt=\"\" class=\"wp-image-1745\" srcset=\"https:\/\/jepp-teamsport.de\/wp-content\/uploads\/2025\/06\/HFC-Berlin-Logo-694x1024.png 694w, https:\/\/jepp-teamsport.de\/wp-content\/uploads\/2025\/06\/HFC-Berlin-Logo-203x300.png 203w, https:\/\/jepp-teamsport.de\/wp-content\/uploads\/2025\/06\/HFC-Berlin-Logo-102x150.png 102w, https:\/\/jepp-teamsport.de\/wp-content\/uploads\/2025\/06\/HFC-Berlin-Logo-768x1133.png 768w, https:\/\/jepp-teamsport.de\/wp-content\/uploads\/2025\/06\/HFC-Berlin-Logo-600x885.png 600w, https:\/\/jepp-teamsport.de\/wp-content\/uploads\/2025\/06\/HFC-Berlin-Logo.png 800w\" sizes=\"auto, (max-width: 694px) 100vw, 694px\" \/><\/a><figcaption class=\"wp-element-caption\"><strong>HFC Berlin<\/strong><\/figcaption><\/figure>\n\n\n\n<figure class=\"wp-block-image size-medium\"><a href=\"https:\/\/jepp-teamsport.de\/?product_cat=msv-19-ruedersdorf-clubkollektion\"><img loading=\"lazy\" decoding=\"async\" width=\"300\" height=\"300\" data-id=\"2334\" src=\"https:\/\/jepp-teamsport.de\/wp-content\/uploads\/2025\/12\/MSV-Logo-web-300x300.png\" alt=\"\" class=\"wp-image-2334\" srcset=\"https:\/\/jepp-teamsport.de\/wp-content\/uploads\/2025\/12\/MSV-Logo-web-300x300.png 300w, https:\/\/jepp-teamsport.de\/wp-content\/uploads\/2025\/12\/MSV-Logo-web-150x150.png 150w, https:\/\/jepp-teamsport.de\/wp-content\/uploads\/2025\/12\/MSV-Logo-web-768x768.png 768w, https:\/\/jepp-teamsport.de\/wp-content\/uploads\/2025\/12\/MSV-Logo-web-600x600.png 600w, https:\/\/jepp-teamsport.de\/wp-content\/uploads\/2025\/12\/MSV-Logo-web-100x100.png 100w, https:\/\/jepp-teamsport.de\/wp-content\/uploads\/2025\/12\/MSV-Logo-web.png 946w\" sizes=\"auto, (max-width: 300px) 100vw, 300px\" \/><\/a><figcaption class=\"wp-element-caption\"><strong>MSV 19 R\u00fcdersdorf<\/strong><\/figcaption><\/figure>\n\n\n\n<figure class=\"wp-block-image size-large\"><a href=\"https:\/\/team.jako.com\/de-de\/team\/bsv_blumberg_fanshop\/\"><img loading=\"lazy\" decoding=\"async\" width=\"842\" height=\"1024\" data-id=\"2339\" src=\"https:\/\/jepp-teamsport.de\/wp-content\/uploads\/2025\/12\/BSV-Logo-web-b-1-842x1024.png\" alt=\"\" class=\"wp-image-2339\" srcset=\"https:\/\/jepp-teamsport.de\/wp-content\/uploads\/2025\/12\/BSV-Logo-web-b-1-842x1024.png 842w, https:\/\/jepp-teamsport.de\/wp-content\/uploads\/2025\/12\/BSV-Logo-web-b-1-247x300.png 247w, https:\/\/jepp-teamsport.de\/wp-content\/uploads\/2025\/12\/BSV-Logo-web-b-1-123x150.png 123w, https:\/\/jepp-teamsport.de\/wp-content\/uploads\/2025\/12\/BSV-Logo-web-b-1-768x934.png 768w, https:\/\/jepp-teamsport.de\/wp-content\/uploads\/2025\/12\/BSV-Logo-web-b-1-600x729.png 600w, https:\/\/jepp-teamsport.de\/wp-content\/uploads\/2025\/12\/BSV-Logo-web-b-1.png 877w\" sizes=\"auto, (max-width: 842px) 100vw, 842px\" \/><\/a><figcaption class=\"wp-element-caption\">FANSHOP<\/figcaption><\/figure>\n\n\n\n<figure class=\"wp-block-image size-medium is-style-default\"><a href=\"https:\/\/team.jako.com\/de-de\/team\/1_fc_marzahn_94\/\"><img loading=\"lazy\" decoding=\"async\" width=\"260\" height=\"300\" data-id=\"1166\" src=\"https:\/\/jepp-teamsport.de\/wp-content\/uploads\/2024\/07\/1.-Marzahn-Logo-Web-260x300.png\" alt=\"\" class=\"wp-image-1166\" srcset=\"https:\/\/jepp-teamsport.de\/wp-content\/uploads\/2024\/07\/1.-Marzahn-Logo-Web-260x300.png 260w, https:\/\/jepp-teamsport.de\/wp-content\/uploads\/2024\/07\/1.-Marzahn-Logo-Web-600x693.png 600w, https:\/\/jepp-teamsport.de\/wp-content\/uploads\/2024\/07\/1.-Marzahn-Logo-Web-130x150.png 130w, https:\/\/jepp-teamsport.de\/wp-content\/uploads\/2024\/07\/1.-Marzahn-Logo-Web.png 768w\" sizes=\"auto, (max-width: 260px) 100vw, 260px\" \/><\/a><figcaption class=\"wp-element-caption\"><strong>1.FC Marzahn94<\/strong><\/figcaption><\/figure>\n\n\n\n<figure class=\"wp-block-image size-large\"><a href=\"https:\/\/team.jako.com\/de-de\/team\/sg_nordring_1949\/\"><img loading=\"lazy\" decoding=\"async\" width=\"1024\" height=\"1024\" data-id=\"2253\" src=\"https:\/\/jepp-teamsport.de\/wp-content\/uploads\/2025\/08\/Logo-SG-Nordring-1024x1024.png\" alt=\"\" class=\"wp-image-2253\" srcset=\"https:\/\/jepp-teamsport.de\/wp-content\/uploads\/2025\/08\/Logo-SG-Nordring-1024x1024.png 1024w, https:\/\/jepp-teamsport.de\/wp-content\/uploads\/2025\/08\/Logo-SG-Nordring-300x300.png 300w, https:\/\/jepp-teamsport.de\/wp-content\/uploads\/2025\/08\/Logo-SG-Nordring-150x150.png 150w, https:\/\/jepp-teamsport.de\/wp-content\/uploads\/2025\/08\/Logo-SG-Nordring-768x768.png 768w, https:\/\/jepp-teamsport.de\/wp-content\/uploads\/2025\/08\/Logo-SG-Nordring-1536x1536.png 1536w, https:\/\/jepp-teamsport.de\/wp-content\/uploads\/2025\/08\/Logo-SG-Nordring-2048x2048.png 2048w, https:\/\/jepp-teamsport.de\/wp-content\/uploads\/2025\/08\/Logo-SG-Nordring-600x600.png 600w, https:\/\/jepp-teamsport.de\/wp-content\/uploads\/2025\/08\/Logo-SG-Nordring-100x100.png 100w\" sizes=\"auto, (max-width: 1024px) 100vw, 1024px\" \/><\/a><figcaption class=\"wp-element-caption\"><strong>SG Nordring 1949<\/strong><\/figcaption><\/figure>\n\n\n\n<figure class=\"wp-block-image size-medium is-style-default\"><a href=\"https:\/\/team.jako.com\/de-de\/team\/fighting_frogs_e_v_\/\"><img loading=\"lazy\" decoding=\"async\" width=\"287\" height=\"300\" data-id=\"1165\" src=\"https:\/\/jepp-teamsport.de\/wp-content\/uploads\/2024\/07\/Fighting-Frogs-Logo-Web-287x300.png\" alt=\"\" class=\"wp-image-1165\" srcset=\"https:\/\/jepp-teamsport.de\/wp-content\/uploads\/2024\/07\/Fighting-Frogs-Logo-Web-287x300.png 287w, https:\/\/jepp-teamsport.de\/wp-content\/uploads\/2024\/07\/Fighting-Frogs-Logo-Web-600x627.png 600w, https:\/\/jepp-teamsport.de\/wp-content\/uploads\/2024\/07\/Fighting-Frogs-Logo-Web-144x150.png 144w, https:\/\/jepp-teamsport.de\/wp-content\/uploads\/2024\/07\/Fighting-Frogs-Logo-Web-768x802.png 768w, https:\/\/jepp-teamsport.de\/wp-content\/uploads\/2024\/07\/Fighting-Frogs-Logo-Web.png 946w\" sizes=\"auto, (max-width: 287px) 100vw, 287px\" \/><\/a><figcaption class=\"wp-element-caption\"><strong>Fighting Frogs<\/strong><\/figcaption><\/figure>\n\n\n\n<figure class=\"wp-block-image size-medium\"><a href=\"https:\/\/team.jako.com\/de-de\/team\/sg_union_oberschoeneweide_1910_e_v_\/\"><img loading=\"lazy\" decoding=\"async\" width=\"300\" height=\"264\" data-id=\"1168\" src=\"https:\/\/jepp-teamsport.de\/wp-content\/uploads\/2024\/07\/Oberschoeneweide-Logo-Web-300x264.png\" alt=\"\" class=\"wp-image-1168\" srcset=\"https:\/\/jepp-teamsport.de\/wp-content\/uploads\/2024\/07\/Oberschoeneweide-Logo-Web-300x264.png 300w, https:\/\/jepp-teamsport.de\/wp-content\/uploads\/2024\/07\/Oberschoeneweide-Logo-Web-600x528.png 600w, https:\/\/jepp-teamsport.de\/wp-content\/uploads\/2024\/07\/Oberschoeneweide-Logo-Web-150x132.png 150w, https:\/\/jepp-teamsport.de\/wp-content\/uploads\/2024\/07\/Oberschoeneweide-Logo-Web-768x676.png 768w, https:\/\/jepp-teamsport.de\/wp-content\/uploads\/2024\/07\/Oberschoeneweide-Logo-Web.png 777w\" sizes=\"auto, (max-width: 300px) 100vw, 300px\" \/><\/a><figcaption class=\"wp-element-caption\"><strong>SG Union Obersch\u00f6neweide 1910<\/strong><\/figcaption><\/figure>\n\n\n\n<figure class=\"wp-block-image size-large\"><a href=\"https:\/\/erima.shop\/sportverein-rot-wei-werneuchen-ev\"><img loading=\"lazy\" decoding=\"async\" width=\"860\" height=\"1024\" data-id=\"2264\" src=\"https:\/\/jepp-teamsport.de\/wp-content\/uploads\/2025\/09\/Rot-Weiss-Werneuchen-Logo-860x1024.png\" alt=\"\" class=\"wp-image-2264\" srcset=\"https:\/\/jepp-teamsport.de\/wp-content\/uploads\/2025\/09\/Rot-Weiss-Werneuchen-Logo-860x1024.png 860w, https:\/\/jepp-teamsport.de\/wp-content\/uploads\/2025\/09\/Rot-Weiss-Werneuchen-Logo-252x300.png 252w, https:\/\/jepp-teamsport.de\/wp-content\/uploads\/2025\/09\/Rot-Weiss-Werneuchen-Logo-126x150.png 126w, https:\/\/jepp-teamsport.de\/wp-content\/uploads\/2025\/09\/Rot-Weiss-Werneuchen-Logo-768x915.png 768w, https:\/\/jepp-teamsport.de\/wp-content\/uploads\/2025\/09\/Rot-Weiss-Werneuchen-Logo-1289x1536.png 1289w, https:\/\/jepp-teamsport.de\/wp-content\/uploads\/2025\/09\/Rot-Weiss-Werneuchen-Logo-600x715.png 600w, https:\/\/jepp-teamsport.de\/wp-content\/uploads\/2025\/09\/Rot-Weiss-Werneuchen-Logo.png 1454w\" sizes=\"auto, (max-width: 860px) 100vw, 860px\" \/><\/a><figcaption class=\"wp-element-caption\"><strong>SV Rot Weiss Werneuchen<\/strong><\/figcaption><\/figure>\n\n\n\n<figure class=\"wp-block-image size-large\"><a href=\"https:\/\/erima.shop\/sg-rot-weiss-neuenhagen-e-v\"><img loading=\"lazy\" decoding=\"async\" width=\"1024\" height=\"788\" data-id=\"1653\" src=\"https:\/\/jepp-teamsport.de\/wp-content\/uploads\/2025\/04\/SG-Neuenhagen-Badminton-Logo-rot-1-1024x788.png\" alt=\"\" class=\"wp-image-1653\" srcset=\"https:\/\/jepp-teamsport.de\/wp-content\/uploads\/2025\/04\/SG-Neuenhagen-Badminton-Logo-rot-1-1024x788.png 1024w, https:\/\/jepp-teamsport.de\/wp-content\/uploads\/2025\/04\/SG-Neuenhagen-Badminton-Logo-rot-1-300x231.png 300w, https:\/\/jepp-teamsport.de\/wp-content\/uploads\/2025\/04\/SG-Neuenhagen-Badminton-Logo-rot-1-150x115.png 150w, https:\/\/jepp-teamsport.de\/wp-content\/uploads\/2025\/04\/SG-Neuenhagen-Badminton-Logo-rot-1-768x591.png 768w, https:\/\/jepp-teamsport.de\/wp-content\/uploads\/2025\/04\/SG-Neuenhagen-Badminton-Logo-rot-1-600x462.png 600w, https:\/\/jepp-teamsport.de\/wp-content\/uploads\/2025\/04\/SG-Neuenhagen-Badminton-Logo-rot-1.png 1181w\" sizes=\"auto, (max-width: 1024px) 100vw, 1024px\" \/><\/a><figcaption class=\"wp-element-caption\">SG Neuenhagen Badminton<\/figcaption><\/figure>\n\n\n\n<figure class=\"wp-block-image size-medium\"><a href=\"https:\/\/team.jako.com\/de-de\/team\/berliner_schlittschuh_club\/\"><img loading=\"lazy\" decoding=\"async\" width=\"300\" height=\"300\" data-id=\"1163\" src=\"https:\/\/jepp-teamsport.de\/wp-content\/uploads\/2024\/07\/Schlittschuh-Club-Logo-Web-300x300.png\" alt=\"\" class=\"wp-image-1163\" srcset=\"https:\/\/jepp-teamsport.de\/wp-content\/uploads\/2024\/07\/Schlittschuh-Club-Logo-Web-300x300.png 300w, https:\/\/jepp-teamsport.de\/wp-content\/uploads\/2024\/07\/Schlittschuh-Club-Logo-Web-100x100.png 100w, https:\/\/jepp-teamsport.de\/wp-content\/uploads\/2024\/07\/Schlittschuh-Club-Logo-Web-600x600.png 600w, https:\/\/jepp-teamsport.de\/wp-content\/uploads\/2024\/07\/Schlittschuh-Club-Logo-Web-150x150.png 150w, https:\/\/jepp-teamsport.de\/wp-content\/uploads\/2024\/07\/Schlittschuh-Club-Logo-Web-768x768.png 768w, https:\/\/jepp-teamsport.de\/wp-content\/uploads\/2024\/07\/Schlittschuh-Club-Logo-Web.png 946w\" sizes=\"auto, (max-width: 300px) 100vw, 300px\" \/><\/a><figcaption class=\"wp-element-caption\"><strong>Berliner-Schlittschuh Club<\/strong><\/figcaption><\/figure>\n\n\n\n<figure class=\"wp-block-image size-large is-style-default\"><a href=\"https:\/\/team.jako.com\/de-de\/team\/ernst_haeckel_schule\/\"><img loading=\"lazy\" decoding=\"async\" width=\"888\" height=\"1024\" data-id=\"2328\" src=\"https:\/\/jepp-teamsport.de\/wp-content\/uploads\/2025\/12\/EHS-Logo-web-888x1024.png\" alt=\"\" class=\"wp-image-2328\" srcset=\"https:\/\/jepp-teamsport.de\/wp-content\/uploads\/2025\/12\/EHS-Logo-web-888x1024.png 888w, https:\/\/jepp-teamsport.de\/wp-content\/uploads\/2025\/12\/EHS-Logo-web-260x300.png 260w, https:\/\/jepp-teamsport.de\/wp-content\/uploads\/2025\/12\/EHS-Logo-web-130x150.png 130w, https:\/\/jepp-teamsport.de\/wp-content\/uploads\/2025\/12\/EHS-Logo-web-768x885.png 768w, https:\/\/jepp-teamsport.de\/wp-content\/uploads\/2025\/12\/EHS-Logo-web-600x692.png 600w, https:\/\/jepp-teamsport.de\/wp-content\/uploads\/2025\/12\/EHS-Logo-web.png 924w\" sizes=\"auto, (max-width: 888px) 100vw, 888px\" \/><\/a><figcaption class=\"wp-element-caption\"><strong>Ernst-Haeckel-Schule<\/strong><\/figcaption><\/figure>\n<\/figure>\n\n\n<p><span style=\"color: #000000;\"><strong><sub data-rich-text-format-boundary=\"true\">Klicke auf dein Verein und du wirst zum Teamshop<\/sub><\/strong><strong><sub data-rich-text-format-boundary=\"true\"> weitergeleitet.<\/sub><\/strong><\/span><\/p>\n\n\n<p class=\"has-medium-font-size\"><strong><mark style=\"background-color:rgba(0, 0, 0, 0)\" class=\"has-inline-color has-black-color\">JAKO und Erima bietet die M\u00f6glichkeit und Verwendung eigener Teamshops, die individuell best\u00fcckt und gestaltet werden k\u00f6nnen. Au\u00dferdem k\u00f6nnen \u00fcber unser Shopsystem weitere Clubkollektionen mit anderen Herstellern angeboten werden. Zusammen mit JEPP Teamsport als Vertriebspartner und Textilveredeler ist jeder Verein, jede Schule, Unternehmen oder Organisationen in der Lage seine eigene Kollektion online zu stellen. JEPP Teamsport betreut aktuell die Teamshops oben stehende Vereine und Schulen. <\/mark><\/strong><\/p>\n\n\n\n<p><\/p>\n\n\n\n<h1 class=\"wp-block-heading\"><strong><mark style=\"background-color:rgba(0, 0, 0, 0)\" class=\"has-inline-color has-black-color\">Kooperationen und Partnerschaften<\/mark><\/strong><\/h1>\n\n\n\n<p class=\"has-medium-font-size\"><strong><mark style=\"background-color:rgba(0, 0, 0, 0)\" class=\"has-inline-color has-black-color\">Zusammen mit verschieden Organisationen, Firmen und Schulen bilden wir Kooperationen, um ein bestm\u00f6gliches Auftreten zu erm\u00f6glichen. Bedruckte Textilien mit z.B. Firmenlogos und Schriftz\u00fcgen sind ein ideales Mittel, um professionell und einheitlich aufzutreten.<\/mark><\/strong><\/p>\n\n\n\n<ul class=\"wp-block-list\">\n<li class=\"has-black-color has-text-color has-link-color has-medium-font-size wp-elements-1e577eada9a0dd49a354346b46b5a141\"><strong><a href=\"https:\/\/www.vfl-fortuna-marzahn.de\/\" target=\"_blank\" rel=\"noreferrer noopener\">1. VfL FORTUNA Marzahn<\/a><\/strong><\/li>\n\n\n\n<li class=\"has-black-color has-text-color has-link-color has-medium-font-size wp-elements-a08625204f1256de30cc76850c2a6e3b\"><a href=\"https:\/\/www.spielfeld.team\/\"><strong>Spielfeld Team<\/strong><\/a><\/li>\n\n\n\n<li class=\"has-black-color has-text-color has-link-color has-medium-font-size wp-elements-02921a80361861011bc7e04b87d7d582\"><a href=\"http:\/\/bbsc.public21.de\/index.php\"><strong>BBSC Volleyball<\/strong><\/a><\/li>\n\n\n\n<li class=\"has-black-color has-text-color has-link-color has-medium-font-size wp-elements-a2c90ea126363e3d27efd4d6a11a3971\"><a href=\"http:\/\/yveskocht.com\/\"><strong>Yves-Kocht<\/strong><\/a><\/li>\n<\/ul>\n\n\n\n<p class=\"has-medium-font-size\"><strong><mark style=\"background-color:rgba(0, 0, 0, 0)\" class=\"has-inline-color has-vivid-cyan-blue-color\">JEPP Teamsport bietet Vereinen, Schulen und Unternehmen einheitliches Auftreten mit passendem Aufdruck f\u00fcr einen tolles Gesamtbild. Mit bekannten und namhaften Marken haben wir interessante Designs und Farben im Angebot, die individuell mit Logos und Schriften gestaltet werden k\u00f6nnen. Dar\u00fcber hinaus bieten wir Kooperations- und Ausr\u00fcstervertr\u00e4ge zu verbesserten Konditionen in der Beschaffung.<br>JAKO, Joma, Derbystar und Erima sind nur einige Beispiele die diese Modelle mit uns als Vertriebspartner anbieten.<\/mark><\/strong><\/p>\n","protected":false},"excerpt":{"rendered":"<p>Teamshops Klicke auf dein Verein und du wirst zum Teamshop weitergeleitet. JAKO und Erima bietet die M\u00f6glichkeit und Verwendung eigener Teamshops, die individuell best\u00fcckt und gestaltet werden k\u00f6nnen. Au\u00dferdem k\u00f6nnen \u00fcber unser Shopsystem weitere Clubkollektionen mit anderen Herstellern angeboten werden. Zusammen mit JEPP Teamsport als Vertriebspartner und Textilveredeler ist jeder Verein, jede Schule, Unternehmen oder<\/p>\n<p class=\"more-link\"><a href=\"https:\/\/jepp-teamsport.de\/?page_id=84\" class=\"themebutton\">Read More<\/a><\/p>\n","protected":false},"author":1,"featured_media":0,"parent":0,"menu_order":0,"comment_status":"closed","ping_status":"open","template":"","meta":{"footnotes":""},"class_list":["post-84","page","type-page","status-publish","hentry"],"_links":{"self":[{"href":"https:\/\/jepp-teamsport.de\/index.php?rest_route=\/wp\/v2\/pages\/84","targetHints":{"allow":["GET"]}}],"collection":[{"href":"https:\/\/jepp-teamsport.de\/index.php?rest_route=\/wp\/v2\/pages"}],"about":[{"href":"https:\/\/jepp-teamsport.de\/index.php?rest_route=\/wp\/v2\/types\/page"}],"author":[{"embeddable":true,"href":"https:\/\/jepp-teamsport.de\/index.php?rest_route=\/wp\/v2\/users\/1"}],"replies":[{"embeddable":true,"href":"https:\/\/jepp-teamsport.de\/index.php?rest_route=%2Fwp%2Fv2%2Fcomments&post=84"}],"version-history":[{"count":112,"href":"https:\/\/jepp-teamsport.de\/index.php?rest_route=\/wp\/v2\/pages\/84\/revisions"}],"predecessor-version":[{"id":2707,"href":"https:\/\/jepp-teamsport.de\/index.php?rest_route=\/wp\/v2\/pages\/84\/revisions\/2707"}],"wp:attachment":[{"href":"https:\/\/jepp-teamsport.de\/index.php?rest_route=%2Fwp%2Fv2%2Fmedia&parent=84"}],"curies":[{"name":"wp","href":"https:\/\/api.w.org\/{rel}","templated":true}]}}