{"id":82,"date":"2023-05-30T15:34:43","date_gmt":"2023-05-30T15:34:43","guid":{"rendered":"https:\/\/schuller-sport.de\/?page_id=82"},"modified":"2026-01-03T11:21:02","modified_gmt":"2026-01-03T11:21:02","slug":"partner","status":"publish","type":"page","link":"https:\/\/jepp-teamsport.de\/?page_id=82","title":{"rendered":"Textildruck"},"content":{"rendered":"\n<p class=\"has-medium-font-size\"><strong><mark style=\"background-color:rgba(0, 0, 0, 0)\" class=\"has-inline-color has-black-color\">Wir bieten Vereinen, Schulen und Unternehmen einheitliches Auftreten mit passendem Aufdruck f\u00fcr einen tolles Gesamtbild. Mit bekannten und namhaften Marken haben wir interessante Designs und Farben im Angebot, die individuell mit Logos und Schriften gestaltet werden k\u00f6nnen. <\/mark><\/strong><\/p>\n\n\n\n<p class=\"has-medium-font-size\"><strong><mark style=\"background-color:rgba(0, 0, 0, 0)\" class=\"has-inline-color has-black-color\">Auf diversen Textilien wie Shirts, Hoodies, Jacken, Taschen, M\u00fctzen und vieles mehr <strong>lassen sich Motive und Schriften beliebig aufdrucken. Der Gestaltung, Kreativit\u00e4t und Fantasie sind praktisch keine Grenzen gesetzt. Speziell mit dem neuen DTF-Druck Verfahren sind s\u00e4mtliche Farben und Farbverl\u00e4ufe kombinierbar. Machen auch Sie mit bedruckten Textilien Ihr Vorhaben zu etwas ganz besonderem und lassen Sie JEPP Teamsport Ihre Vorstellung und Ideen verwirklichen. Egal ob ein St\u00fcck oder einhundert, bringen Sie einfach Ihre Artikel mit oder w\u00e4hlen Sie aus einem unserer Hersteller aus.<\/strong><\/mark><\/strong><\/p>\n\n\n\n<p class=\"has-medium-font-size\"><strong><mark style=\"background-color:rgba(0, 0, 0, 0)\" class=\"has-inline-color has-black-color\">Wir erstellen f\u00fcr Sie ein individuelles Angebot mit passendem Entwurf und stellen bei Bedarf ein Muster zur Anprobe zur Verf\u00fcgung. Nach Orderklarheit, Warenverf\u00fcgbarkeit und Auftragsvolumen stellen wir den Auftrag z\u00fcgig fertig und lassen Sie auch bei kurzfristigen Anliegen nicht h\u00e4ngen. <\/mark><\/strong><\/p>\n\n\n\n<p><\/p>\n","protected":false},"excerpt":{"rendered":"<p>Wir bieten Vereinen, Schulen und Unternehmen einheitliches Auftreten mit passendem Aufdruck f\u00fcr einen tolles Gesamtbild. Mit bekannten und namhaften Marken haben wir interessante Designs und Farben im Angebot, die individuell mit Logos und Schriften gestaltet werden k\u00f6nnen. Auf diversen Textilien wie Shirts, Hoodies, Jacken, Taschen, M\u00fctzen und vieles mehr lassen sich Motive und Schriften beliebig<\/p>\n<p class=\"more-link\"><a href=\"https:\/\/jepp-teamsport.de\/?page_id=82\" class=\"themebutton\">Read More<\/a><\/p>\n","protected":false},"author":1,"featured_media":0,"parent":0,"menu_order":0,"comment_status":"closed","ping_status":"closed","template":"","meta":{"footnotes":""},"class_list":["post-82","page","type-page","status-publish","hentry"],"_links":{"self":[{"href":"https:\/\/jepp-teamsport.de\/index.php?rest_route=\/wp\/v2\/pages\/82","targetHints":{"allow":["GET"]}}],"collection":[{"href":"https:\/\/jepp-teamsport.de\/index.php?rest_route=\/wp\/v2\/pages"}],"about":[{"href":"https:\/\/jepp-teamsport.de\/index.php?rest_route=\/wp\/v2\/types\/page"}],"author":[{"embeddable":true,"href":"https:\/\/jepp-teamsport.de\/index.php?rest_route=\/wp\/v2\/users\/1"}],"replies":[{"embeddable":true,"href":"https:\/\/jepp-teamsport.de\/index.php?rest_route=%2Fwp%2Fv2%2Fcomments&post=82"}],"version-history":[{"count":34,"href":"https:\/\/jepp-teamsport.de\/index.php?rest_route=\/wp\/v2\/pages\/82\/revisions"}],"predecessor-version":[{"id":2708,"href":"https:\/\/jepp-teamsport.de\/index.php?rest_route=\/wp\/v2\/pages\/82\/revisions\/2708"}],"wp:attachment":[{"href":"https:\/\/jepp-teamsport.de\/index.php?rest_route=%2Fwp%2Fv2%2Fmedia&parent=82"}],"curies":[{"name":"wp","href":"https:\/\/api.w.org\/{rel}","templated":true}]}}