{"id":80,"date":"2023-05-30T15:34:43","date_gmt":"2023-05-30T15:34:43","guid":{"rendered":"https:\/\/schuller-sport.de\/?page_id=80"},"modified":"2026-01-06T08:10:15","modified_gmt":"2026-01-06T08:10:15","slug":"unternehmen","status":"publish","type":"page","link":"https:\/\/jepp-teamsport.de\/","title":{"rendered":"JEPP Teamsport &#038; Textilveredelung GmbH"},"content":{"rendered":"\n<p class=\"has-medium-font-size\"><strong><mark style=\"background-color:rgba(0, 0, 0, 0)\" class=\"has-inline-color has-black-color\">JEPP Teamsport ist ein Fachgesch\u00e4ft f\u00fcr Sport- und Teamausstattung und bietet Flexdruck, Flockdruck, Digitaldruck, DTF-Druck und Stickerei an.<\/mark><\/strong><\/p>\n\n\n\n<p class=\"has-medium-font-size\"><strong><mark style=\"background-color:rgba(0, 0, 0, 0)\" class=\"has-inline-color has-black-color\">Wir bieten Vereinen, Schulen und Unternehmen einheitliches Auftreten mit passendem Aufdruck f\u00fcr einen tolles Gesamtbild. Mit bekannten und namhaften Marken haben wir interessante Designs und Farben im Angebot, die individuell mit Logos und Schriften gestaltet werden k\u00f6nnen. Dar\u00fcber hinaus bieten wir Kooperations- und Ausr\u00fcstervertr\u00e4ge zu verbesserten Konditionen in der Beschaffung.<br>JAKO, Joma, Derbystar und Erima sind nur einige Beispiele die diese Modelle mit uns als Vertriebspartner anbieten.<\/mark><\/strong><\/p>\n\n\n\n<p class=\"has-medium-font-size\"><strong><mark style=\"background-color:rgba(0, 0, 0, 0)\" class=\"has-inline-color has-black-color\">Auf diversen Textilien wie<\/mark><\/strong><\/p>\n\n\n\n<p class=\"has-medium-font-size\"><strong><mark style=\"background-color:rgba(0, 0, 0, 0)\" class=\"has-inline-color has-black-color\">\u25cfT-Shirts und Trikots<br>\u25cfPoloshirts<br>\u25cfSweatshirts und Hoodies<br>\u25cfSoftshelljacken<br>\u25cfRegenjacken<br>\u25cfWinterjacken<br>\u25cfArbeitsbekleidung<br>\u25cfSporttaschen und Turnbeutel<br>\u25cfM\u00fctzen, Fischerh\u00fcte und Basecaps<\/mark><\/strong><\/p>\n\n\n\n<p class=\"has-medium-font-size\"><strong><mark style=\"background-color:rgba(0, 0, 0, 0)\" class=\"has-inline-color has-black-color\">lassen sich Motive und Schriften beliebig aufdrucken. Der Gestaltung, Kreativit\u00e4t und Fantasie sind praktisch keine Grenzen gesetzt. Speziell mit dem neuen DTF-Druck Verfahren sind s\u00e4mtliche Farben und Farbverl\u00e4ufe kombinierbar. Machen auch Sie mit bedruckten Textilien Ihr Vorhaben zu etwas ganz besonderem und lassen Sie JEPP Teamsport Ihre Vorstellung und Ideen verwirklichen. Egal ob ein St\u00fcck oder einhundert, bringen Sie einfach Ihre Artikel mit oder w\u00e4hlen Sie aus einem Hersteller aus.<\/mark><\/strong><\/p>\n\n\n\n<p class=\"has-medium-font-size\"><strong><mark style=\"background-color:rgba(0, 0, 0, 0)\" class=\"has-inline-color has-black-color\">Zu unserem Sortiment z\u00e4hlen zus\u00e4tzlich :<\/mark><\/strong><\/p>\n\n\n\n<p class=\"has-medium-font-size\"><strong><mark style=\"background-color:rgba(0, 0, 0, 0)\" class=\"has-inline-color has-black-color\">\u25cfPokale<br>\u25cfMedaillen<br>\u25cfEhrenpreise<br>\u25cfAnfertigungen von Gravuren<br>\u25cfAufkleber in beliebigen Formen und Farben<br>\u25cfSonderanfertigungen<br>\u25cfIndividuelle Fanschals ab 30 St\u00fcck<br>\u25cfWimpel und Tassen<br>\u25cfBanner<\/mark><\/strong><\/p>\n\n\n\n<p class=\"has-medium-font-size\"><strong><mark style=\"background-color:rgba(0, 0, 0, 0)\" class=\"has-inline-color has-vivid-cyan-blue-color\">JEPP Teamsport &amp; Textilveredelung GmbH ist aufgrund von der Rechtsform\u00e4nderung der Nachfolger von Schuller-Sport e.K.. Schuller-Sport e. K. existierte bereits seit 2000 am Standort in Berlin, Blumberger Damm 152 und wurde vom Inhaber Peter Schuller zun\u00e4chst als Schuller-Sport e. U. gegr\u00fcndet. Im Laufe der Jahrzehnte hatte sich das Unternehmen stetig weiterentwickelt und ist mit der Zeit und der Modernisierung gewachsen. Profitieren auch Sie aus \u00fcber 25 Jahre Erfahrung, aus einer Hand und aus einem reinen Familienunternehmen<\/mark><\/strong><\/p>\n","protected":false},"excerpt":{"rendered":"<p>JEPP Teamsport ist ein Fachgesch\u00e4ft f\u00fcr Sport- und Teamausstattung und bietet Flexdruck, Flockdruck, Digitaldruck, DTF-Druck und Stickerei an. Wir bieten Vereinen, Schulen und Unternehmen einheitliches Auftreten mit passendem Aufdruck f\u00fcr einen tolles Gesamtbild. Mit bekannten und namhaften Marken haben wir interessante Designs und Farben im Angebot, die individuell mit Logos und Schriften gestaltet werden k\u00f6nnen.<\/p>\n<p class=\"more-link\"><a href=\"https:\/\/jepp-teamsport.de\/\" class=\"themebutton\">Read More<\/a><\/p>\n","protected":false},"author":1,"featured_media":0,"parent":0,"menu_order":0,"comment_status":"closed","ping_status":"open","template":"","meta":{"footnotes":""},"class_list":["post-80","page","type-page","status-publish","hentry"],"_links":{"self":[{"href":"https:\/\/jepp-teamsport.de\/index.php?rest_route=\/wp\/v2\/pages\/80","targetHints":{"allow":["GET"]}}],"collection":[{"href":"https:\/\/jepp-teamsport.de\/index.php?rest_route=\/wp\/v2\/pages"}],"about":[{"href":"https:\/\/jepp-teamsport.de\/index.php?rest_route=\/wp\/v2\/types\/page"}],"author":[{"embeddable":true,"href":"https:\/\/jepp-teamsport.de\/index.php?rest_route=\/wp\/v2\/users\/1"}],"replies":[{"embeddable":true,"href":"https:\/\/jepp-teamsport.de\/index.php?rest_route=%2Fwp%2Fv2%2Fcomments&post=80"}],"version-history":[{"count":57,"href":"https:\/\/jepp-teamsport.de\/index.php?rest_route=\/wp\/v2\/pages\/80\/revisions"}],"predecessor-version":[{"id":2717,"href":"https:\/\/jepp-teamsport.de\/index.php?rest_route=\/wp\/v2\/pages\/80\/revisions\/2717"}],"wp:attachment":[{"href":"https:\/\/jepp-teamsport.de\/index.php?rest_route=%2Fwp%2Fv2%2Fmedia&parent=80"}],"curies":[{"name":"wp","href":"https:\/\/api.w.org\/{rel}","templated":true}]}}